{"id":2929,"date":"2019-08-04T16:37:04","date_gmt":"2019-08-04T13:37:04","guid":{"rendered":"https:\/\/iclaim.w-i.lt\/faq\/"},"modified":"2019-09-25T13:47:40","modified_gmt":"2019-09-25T10:47:40","slug":"faq","status":"publish","type":"page","link":"https:\/\/iclaim-group.com\/de\/faq\/","title":{"rendered":"FAQ"},"content":{"rendered":"<p>[vc_row extra_id=&#8221;bendri-klausimai&#8221; wrap_class=&#8221;no&#8221;][vc_column width=&#8221;1\/4&#8243; title=&#8221;&#8221; wap_class=&#8221;&#8221; wap_id=&#8221;&#8221; column_effect=&#8221;bottommove&#8221;][vc_column_text]<\/p>\n<div id=\"leftCol\" class=\"nav-sidebar\">\n<div id=\"sidebar\" class=\"hide-side\">\n<ul id=\"sidebar\" class=\"nav\">\n<li><a class=\"\" href=\"#bendri-klausimai\">Allgemeine Fragen<\/a><\/li>\n<li><a href=\"#row2\">Fragen bez\u00fcglich einzureichender Dokumente<\/a><\/li>\n<li><a href=\"#row3\">Fragen bez\u00fcglich R\u00fcckerstattung<\/a><\/li>\n<\/ul>\n<div class=\"grey-box promo-grey-box\">\n<p><a class=\"btn tp-btn tp-btn-orange\" href=\"\/meldung-eines-verkehrsunfalls\/\">Schadenserfassung<\/a><\/p>\n<\/div>\n<\/div>\n<\/div>\n<p>[\/vc_column_text][\/vc_column][vc_column width=&#8221;3\/4&#8243; title=&#8221;&#8221; column_effect=&#8221;bottommove&#8221; css=&#8221;.vc_custom_1562089196822{margin-right: 10px !important;margin-left: 10px !important;padding-top: 20px !important;}&#8221;][vc_row_inner][vc_column_inner css=&#8221;.vc_custom_1562089356728{margin-right: 10px !important;}&#8221;]<h2 class=\"\" style=\"text-align: left;\">1. Wie kann ich herausfinden, von welcher Versicherungsgesellschaft der schuldige Beteiligte in Litauen repr\u00e4sentiert wird?<\/h2>[vc_column_text]ANTWORT: besuchen Sie <a href=\"https:\/\/www.cab.lt\/draustumo-patikra\" target=\"_blank\" rel=\"noopener noreferrer\">www.cab.lt<\/a>, um mehr \u00fcber den Vertreter der im Ausland gegr\u00fcndeten Versicherungsgesellschaft zu erfahren, der f\u00fcr Entsch\u00e4digungszahlungen im Schadensfall zust\u00e4ndig ist.[\/vc_column_text][\/vc_column_inner][\/vc_row_inner][vc_row_inner el_id=&#8221;kokias-zalas&#8221;][vc_column_inner]<h2 class=\"\" style=\"text-align: left;\">2. Welche Arten von Unfallforderungen werden von UAB iClaim ausgef\u00fchrt?<\/h2>[vc_column_text css=&#8221;.vc_custom_1562090346164{margin-right: 10px !important;}&#8221;]ANTWORT: UAB iClaim arbeitet im Auftrag ausl\u00e4ndischer Versicherer und ist f\u00fcr die Vollstreckung und Auszahlung von Versicherungsanspr\u00fcchen bei Verkehrsunf\u00e4llen verantwortlich, welche sich auf dem Staatsgebiet Litauens sowie in L\u00e4ndern des Europ\u00e4ischen Wirtschaftsraums ereignet haben.<\/p>\n<p>HINWEIS: Versicherungsanspr\u00fcche f\u00fcr Unf\u00e4lle au\u00dferhalb Litauens werden erst beglichen, nachdem der von UAB iClaim vertretene Versicherer die G\u00fcltigkeit der vom Sch\u00e4diger vorgelegten Versicherungspolice sowie dessen Haftung f\u00fcr den Verkehrsunfall und die Anspruchsh\u00f6he best\u00e4tigt hat.[\/vc_column_text][\/vc_column_inner][\/vc_row_inner][vc_row_inner][vc_column_inner]<h2 class=\"\" style=\"text-align: left;\">3. Die Versicherungsgesellschaft des schuldigen Beteiligten wird in Litauen durch UAB iClaim vertreten. Wie kann ich Anspruch auf Schadenersatz erheben?<\/h2>[vc_column_text css=&#8221;.vc_custom_1569395859326{margin-right: 10px !important;}&#8221;]ANTWORT: s\u00e4mtliche Anspr\u00fcche sind ausschlie\u00dflich <span style=\"text-decoration: underline;\">online zu registrieren<\/span> \u2013 Klicken Sie auf den Link <a href=\"https:\/\/iclaim-group.com\/de\/meldung-eines-verkehrsunfalls\/\">Anspruch registrieren<\/a> auf einer beliebigen Seite der Website, f\u00fcllen Sie das Formular aus, f\u00fcgen Sie die erforderlichen Dokumente bei und klicken Sie schlie\u00dflich auf Senden.[\/vc_column_text][\/vc_column_inner][\/vc_row_inner][\/vc_column][\/vc_row][vc_row extra_id=&#8221;row2&#8243;][vc_column width=&#8221;1\/4&#8243;][\/vc_column][vc_column width=&#8221;3\/4&#8243; css=&#8221;.vc_custom_1562089733157{margin-left: 10px !important;}&#8221;][vc_row_inner][vc_column_inner]<h2 class=\"\" style=\"text-align: left;\">4. Welche Dokumente muss ich f\u00fcr eine Schadenserfassung \u00fcbermitteln?<\/h2>[vc_column_text css=&#8221;.vc_custom_1564568828942{margin-right: 10px !important;}&#8221;]ANTWORT: Damit der Anspruch registriert und zeitnah bearbeitet werden kann, m\u00f6chten wir Sie bitten, die relevanten Dokumente sofort beizuf\u00fcgen:<\/p>\n<ul>\n<li>Schadenserkl\u00e4rung oder Polizeibericht;<\/li>\n<li>Zulassungsbescheinigung des Fahrzeugs;<\/li>\n<li>F\u00fchrerschein;<\/li>\n<li>Fotos der besch\u00e4digten Fahrzeugbereiche;<\/li>\n<li>Fotos der Unfallstelle sowie entstandener Sch\u00e4den;<\/li>\n<li>Dokumente (falls vorhanden), die die Anspruchsh\u00f6he belegen;<\/li>\n<li>Bevollm\u00e4chtigung (falls Schaden von einer autorisierten Person gemeldet wurde).<\/li>\n<\/ul>\n<p>HINWEIS: diese Liste einzureichender Dokumente ist nicht vollst\u00e4ndig; der Prozess der Versicherungsanspruchsverwaltung verlangt ggf. die \u00dcbermittlung weiterer Dokumente.[\/vc_column_text][\/vc_column_inner][\/vc_row_inner][vc_row_inner][vc_column_inner]<h2 class=\"\" style=\"text-align: left;\">5. Welche Dokumente geben Auskunft \u00fcber die Schadensh\u00f6he?<\/h2>[vc_column_text]ANTWORT: die vorliegende Situation kann eine Best\u00e4tigung des Anspruchs anhand von Rechnungen, eine Veranschlagung anfallender Reparaturkosten (in Zusammenarbeit mit unseren Fachleuten), eine Rechnungsstellung f\u00fcr erfolgte Reparaturarbeiten, \u00dcberpr\u00fcfungen unabh\u00e4ngiger Experten und MPs sowie die Vorlage weiterer Dokumente erforderlich machen.<\/p>\n<p>HINWEIS: die Liste der oben aufgef\u00fchrten Dokumente dient lediglich als Orientierung und unterliegt ggf. \u00c4nderungen, die auf Einzelfallentscheidungen je nach Sachlage zur\u00fcckzuf\u00fchren sind.[\/vc_column_text][\/vc_column_inner][\/vc_row_inner][vc_row_inner][vc_column_inner]<h2 class=\"\" style=\"text-align: left;\">6. Der Unfall hat sich in einem anderen Land ereignet, ich habe jedoch weder ein polizeiliches F\u00fchrungszeugnis noch eine Unfallmeldung. Habe ich in diesem Falle Anspruch auf Entsch\u00e4digung?<\/h2>[vc_column_text]ANTWORT: wir bitten um Entschuldigung aber in diesem Fall ist eine R\u00fcckerstattung entstandener Verluste nicht m\u00f6glich.<\/p>\n<p>Wenn uns jedoch ein entsprechender Polizeibericht bzw. ein anderes Dokument vorliegt, welches best\u00e4tigt, das Sie nicht Sch\u00e4diger sondern Gesch\u00e4digter sind, werden wir uns gerne um die Bearbeitung Ihres Versicherungsanspruchs k\u00fcmmern (vorausgesetzt die Frist f\u00fcr die Einreichung der entsprechenden Beschwerde ist noch nicht abgelaufen).[\/vc_column_text][\/vc_column_inner][\/vc_row_inner][\/vc_column][\/vc_row][vc_row extra_id=&#8221;row3&#8243;][vc_column width=&#8221;1\/4&#8243;][\/vc_column][vc_column width=&#8221;3\/4&#8243; css=&#8221;.vc_custom_1562089968286{margin-right: 10px !important;margin-left: 10px !important;}&#8221;][vc_row_inner][vc_column_inner]<h2 class=\"\" style=\"text-align: left;\">7. Wer hat Anspruch auf die Versicherungszahlung?<\/h2>[vc_column_text]ANTWORT: Die folgenden gesch\u00e4digten Personen haben Anrecht auf R\u00fcckerstattung:<\/p>\n<ul>\n<li>Besitzeigent\u00fcmer &#8211; im Falle von Besch\u00e4digungen\/Zerst\u00f6rung von Besitz;<\/li>\n<li>verletzte Person &#8211; im Falle pers\u00f6nlich erlittener Verletzungen;<\/li>\n<li>Gesch\u00e4digte Person &#8211; im Falle anderweitiger Verluste.<\/li>\n<\/ul>\n<p>Andere Personen werden im Schadensfall lediglich nach Vorlage einer schriftlichen Anfrage entsch\u00e4digt.[\/vc_column_text][\/vc_column_inner][\/vc_row_inner][vc_row_inner][vc_column_inner]<h2 class=\"\" style=\"text-align: left;\">8. Wann ist mit der Versicherungszahlung bzw. einer R\u00fcckmeldung bez\u00fcglich der Forderung zu rechnen?<\/h2>[vc_column_text]ANTWORT:<\/p>\n<ul>\n<li>Im Falle eines in Litauen erfolgten Verkehrsunfalls muss die R\u00fcckerstattung innerhalb von 30 Tagen nach Eingang s\u00e4mtlicher erforderlicher Dokumente erfolgen.<\/li>\n<li>Im Falle eines au\u00dferhalb Litauens erfolgten Verkehrsunfalls muss eine begr\u00fcndete Antwort bez\u00fcglich der R\u00fcckerstattung innerhalb von 3 Monaten nach Beschwerdeeingang erfolgen.<\/li>\n<\/ul>\n<p>[\/vc_column_text][\/vc_column_inner][\/vc_row_inner][vc_row_inner][vc_column_inner]<h2 class=\"\" style=\"text-align: left;\">9. Was sollte ich tuen, falls ich mit der Versicherungszahlung nicht einverstanden bin?<\/h2>[vc_column_text]ANTWORT: Sollten Sie mit dem r\u00fcckerstatteten Betrag nicht zufrieden sein, haben Sie die M\u00f6glichkeit, rechtliche Schritte einzuleiten.[\/vc_column_text][\/vc_column_inner][\/vc_row_inner][\/vc_column][\/vc_row][vc_row][vc_column][vc_empty_space height=&#8221;5px&#8221;][\/vc_column][\/vc_row]<\/p>\n","protected":false},"excerpt":{"rendered":"<p>[vc_row extra_id=&#8221;bendri-klausimai&#8221; wrap_class=&#8221;no&#8221;][vc_column width=&#8221;1\/4&#8243; title=&#8221;&#8221; wap_class=&#8221;&#8221; wap_id=&#8221;&#8221; column_effect=&#8221;bottommove&#8221;][vc_column_text] Allgemeine Fragen Fragen bez\u00fcglich einzureichender Dokumente Fragen bez\u00fcglich R\u00fcckerstattung Schadenserfassung [\/vc_column_text][\/vc_column][vc_column width=&#8221;3\/4&#8243; title=&#8221;&#8221; column_effect=&#8221;bottommove&#8221; css=&#8221;.vc_custom_1562089196822{margin-right: 10px !important;margin-left: 10px !important;padding-top: 20px !important;}&#8221;][vc_row_inner][vc_column_inner css=&#8221;.vc_custom_1562089356728{margin-right: 10px !important;}&#8221;][vc_column_text]ANTWORT: besuchen Sie www.cab.lt, um mehr \u00fcber den Vertreter der im Ausland gegr\u00fcndeten Versicherungsgesellschaft zu erfahren, der f\u00fcr Entsch\u00e4digungszahlungen im Schadensfall zust\u00e4ndig ist.[\/vc_column_text][\/vc_column_inner][\/vc_row_inner][vc_row_inner el_id=&#8221;kokias-zalas&#8221;][vc_column_inner][vc_column_text [&hellip;]<\/p>\n","protected":false},"author":1,"featured_media":0,"parent":0,"menu_order":0,"comment_status":"open","ping_status":"open","template":"page-templates\/template-canvas.php","meta":[],"yoast_head":"<!-- This site is optimized with the Yoast SEO plugin v20.8 - https:\/\/yoast.com\/wordpress\/plugins\/seo\/ -->\n<title>FAQ - iClaim<\/title>\n<meta name=\"robots\" content=\"index, follow, max-snippet:-1, max-image-preview:large, max-video-preview:-1\" \/>\n<link rel=\"canonical\" href=\"https:\/\/iclaim-group.com\/de\/faq\/\" \/>\n<meta property=\"og:locale\" content=\"de_DE\" \/>\n<meta property=\"og:type\" content=\"article\" \/>\n<meta property=\"og:title\" content=\"FAQ - iClaim\" \/>\n<meta property=\"og:description\" content=\"[vc_row extra_id=&#8221;bendri-klausimai&#8221; wrap_class=&#8221;no&#8221;][vc_column width=&#8221;1\/4&#8243; title=&#8221;&#8221; wap_class=&#8221;&#8221; wap_id=&#8221;&#8221; column_effect=&#8221;bottommove&#8221;][vc_column_text] Allgemeine Fragen Fragen bez\u00fcglich einzureichender Dokumente Fragen bez\u00fcglich R\u00fcckerstattung Schadenserfassung [\/vc_column_text][\/vc_column][vc_column width=&#8221;3\/4&#8243; title=&#8221;&#8221; column_effect=&#8221;bottommove&#8221; css=&#8221;.vc_custom_1562089196822{margin-right: 10px !important;margin-left: 10px !important;padding-top: 20px !important;}&#8221;][vc_row_inner][vc_column_inner css=&#8221;.vc_custom_1562089356728{margin-right: 10px !important;}&#8221;][vc_column_text]ANTWORT: besuchen Sie www.cab.lt, um mehr \u00fcber den Vertreter der im Ausland gegr\u00fcndeten Versicherungsgesellschaft zu erfahren, der f\u00fcr Entsch\u00e4digungszahlungen im Schadensfall zust\u00e4ndig ist.[\/vc_column_text][\/vc_column_inner][\/vc_row_inner][vc_row_inner el_id=&#8221;kokias-zalas&#8221;][vc_column_inner][vc_column_text [&hellip;]\" \/>\n<meta property=\"og:url\" content=\"https:\/\/iclaim-group.com\/de\/faq\/\" \/>\n<meta property=\"og:site_name\" content=\"iClaim\" \/>\n<meta property=\"article:modified_time\" content=\"2019-09-25T10:47:40+00:00\" \/>\n<meta name=\"twitter:card\" content=\"summary_large_image\" \/>\n<meta name=\"twitter:label1\" content=\"Gesch\u00e4tzte Lesezeit\" \/>\n\t<meta name=\"twitter:data1\" content=\"5\u00a0Minuten\" \/>\n<script type=\"application\/ld+json\" class=\"yoast-schema-graph\">{\"@context\":\"https:\/\/schema.org\",\"@graph\":[{\"@type\":\"WebPage\",\"@id\":\"https:\/\/iclaim-group.com\/de\/faq\/\",\"url\":\"https:\/\/iclaim-group.com\/de\/faq\/\",\"name\":\"FAQ - iClaim\",\"isPartOf\":{\"@id\":\"https:\/\/iclaim-group.com\/#website\"},\"datePublished\":\"2019-08-04T13:37:04+00:00\",\"dateModified\":\"2019-09-25T10:47:40+00:00\",\"breadcrumb\":{\"@id\":\"https:\/\/iclaim-group.com\/de\/faq\/#breadcrumb\"},\"inLanguage\":\"de\",\"potentialAction\":[{\"@type\":\"ReadAction\",\"target\":[\"https:\/\/iclaim-group.com\/de\/faq\/\"]}]},{\"@type\":\"BreadcrumbList\",\"@id\":\"https:\/\/iclaim-group.com\/de\/faq\/#breadcrumb\",\"itemListElement\":[{\"@type\":\"ListItem\",\"position\":1,\"name\":\"Home\",\"item\":\"https:\/\/iclaim-group.com\/de\/\"},{\"@type\":\"ListItem\",\"position\":2,\"name\":\"FAQ\"}]},{\"@type\":\"WebSite\",\"@id\":\"https:\/\/iclaim-group.com\/#website\",\"url\":\"https:\/\/iclaim-group.com\/\",\"name\":\"iClaim\",\"description\":\"\",\"potentialAction\":[{\"@type\":\"SearchAction\",\"target\":{\"@type\":\"EntryPoint\",\"urlTemplate\":\"https:\/\/iclaim-group.com\/?s={search_term_string}\"},\"query-input\":\"required name=search_term_string\"}],\"inLanguage\":\"de\"}]}<\/script>\n<!-- \/ Yoast SEO plugin. -->","yoast_head_json":{"title":"FAQ - iClaim","robots":{"index":"index","follow":"follow","max-snippet":"max-snippet:-1","max-image-preview":"max-image-preview:large","max-video-preview":"max-video-preview:-1"},"canonical":"https:\/\/iclaim-group.com\/de\/faq\/","og_locale":"de_DE","og_type":"article","og_title":"FAQ - iClaim","og_description":"[vc_row extra_id=&#8221;bendri-klausimai&#8221; wrap_class=&#8221;no&#8221;][vc_column width=&#8221;1\/4&#8243; title=&#8221;&#8221; wap_class=&#8221;&#8221; wap_id=&#8221;&#8221; column_effect=&#8221;bottommove&#8221;][vc_column_text] Allgemeine Fragen Fragen bez\u00fcglich einzureichender Dokumente Fragen bez\u00fcglich R\u00fcckerstattung Schadenserfassung [\/vc_column_text][\/vc_column][vc_column width=&#8221;3\/4&#8243; title=&#8221;&#8221; column_effect=&#8221;bottommove&#8221; css=&#8221;.vc_custom_1562089196822{margin-right: 10px !important;margin-left: 10px !important;padding-top: 20px !important;}&#8221;][vc_row_inner][vc_column_inner css=&#8221;.vc_custom_1562089356728{margin-right: 10px !important;}&#8221;][vc_column_text]ANTWORT: besuchen Sie www.cab.lt, um mehr \u00fcber den Vertreter der im Ausland gegr\u00fcndeten Versicherungsgesellschaft zu erfahren, der f\u00fcr Entsch\u00e4digungszahlungen im Schadensfall zust\u00e4ndig ist.[\/vc_column_text][\/vc_column_inner][\/vc_row_inner][vc_row_inner el_id=&#8221;kokias-zalas&#8221;][vc_column_inner][vc_column_text [&hellip;]","og_url":"https:\/\/iclaim-group.com\/de\/faq\/","og_site_name":"iClaim","article_modified_time":"2019-09-25T10:47:40+00:00","twitter_card":"summary_large_image","twitter_misc":{"Gesch\u00e4tzte Lesezeit":"5\u00a0Minuten"},"schema":{"@context":"https:\/\/schema.org","@graph":[{"@type":"WebPage","@id":"https:\/\/iclaim-group.com\/de\/faq\/","url":"https:\/\/iclaim-group.com\/de\/faq\/","name":"FAQ - iClaim","isPartOf":{"@id":"https:\/\/iclaim-group.com\/#website"},"datePublished":"2019-08-04T13:37:04+00:00","dateModified":"2019-09-25T10:47:40+00:00","breadcrumb":{"@id":"https:\/\/iclaim-group.com\/de\/faq\/#breadcrumb"},"inLanguage":"de","potentialAction":[{"@type":"ReadAction","target":["https:\/\/iclaim-group.com\/de\/faq\/"]}]},{"@type":"BreadcrumbList","@id":"https:\/\/iclaim-group.com\/de\/faq\/#breadcrumb","itemListElement":[{"@type":"ListItem","position":1,"name":"Home","item":"https:\/\/iclaim-group.com\/de\/"},{"@type":"ListItem","position":2,"name":"FAQ"}]},{"@type":"WebSite","@id":"https:\/\/iclaim-group.com\/#website","url":"https:\/\/iclaim-group.com\/","name":"iClaim","description":"","potentialAction":[{"@type":"SearchAction","target":{"@type":"EntryPoint","urlTemplate":"https:\/\/iclaim-group.com\/?s={search_term_string}"},"query-input":"required name=search_term_string"}],"inLanguage":"de"}]}},"_links":{"self":[{"href":"https:\/\/iclaim-group.com\/de\/wp-json\/wp\/v2\/pages\/2929"}],"collection":[{"href":"https:\/\/iclaim-group.com\/de\/wp-json\/wp\/v2\/pages"}],"about":[{"href":"https:\/\/iclaim-group.com\/de\/wp-json\/wp\/v2\/types\/page"}],"author":[{"embeddable":true,"href":"https:\/\/iclaim-group.com\/de\/wp-json\/wp\/v2\/users\/1"}],"replies":[{"embeddable":true,"href":"https:\/\/iclaim-group.com\/de\/wp-json\/wp\/v2\/comments?post=2929"}],"version-history":[{"count":6,"href":"https:\/\/iclaim-group.com\/de\/wp-json\/wp\/v2\/pages\/2929\/revisions"}],"predecessor-version":[{"id":3203,"href":"https:\/\/iclaim-group.com\/de\/wp-json\/wp\/v2\/pages\/2929\/revisions\/3203"}],"wp:attachment":[{"href":"https:\/\/iclaim-group.com\/de\/wp-json\/wp\/v2\/media?parent=2929"}],"curies":[{"name":"wp","href":"https:\/\/api.w.org\/{rel}","templated":true}]}}