{"id":2935,"date":"2019-08-04T16:37:06","date_gmt":"2019-08-04T13:37:06","guid":{"rendered":"https:\/\/iclaim.w-i.lt\/uber-uns\/"},"modified":"2019-09-25T10:12:25","modified_gmt":"2019-09-25T07:12:25","slug":"uber-uns","status":"publish","type":"page","link":"https:\/\/iclaim-group.com\/de\/uber-uns\/","title":{"rendered":"\u00dcber uns"},"content":{"rendered":"<p>[vc_row css=&#8221;.vc_custom_1440062521103{margin-bottom: 60px !important;}&#8221;][vc_column width=&#8221;1\/3&#8243; wap_class=&#8221;&#8221; wap_id=&#8221;&#8221; column_effect=&#8221;bottommove&#8221;][vc_single_image image=&#8221;2519&#8243; img_size=&#8221;full&#8221; alignment=&#8221;center&#8221;][\/vc_column][vc_column width=&#8221;2\/3&#8243; wap_class=&#8221;&#8221; wap_id=&#8221;&#8221; column_effect=&#8221;bottommove&#8221;]<h2 class=\"\" style=\"text-align: left;\">Unternehmensinformationen<\/h2>[vc_column_text css=&#8221;.vc_custom_1569395539199{margin-right: 10px !important;margin-left: 10px !important;}&#8221; el_class=&#8221;.lead&#8221;]iClaim ist ein im Bereich Schadens- und Risikomanagement international t\u00e4tiges Unternehmen. F\u00fcr weitere Informationen zu unseren Services <a href=\"https:\/\/iclaim-group.com\/de\/services\/\">hier klicken<\/a>.<\/p>\n<p>Profil:<\/p>\n<ul style=\"color: #62656a;\">\n<li>Gr\u00fcndungsjahr \u2013 2007;<\/li>\n<li>Vertretungen in Vilnius, Riga und Tallin;<\/li>\n<li>\u00dcber 300 Versicherer sind vertreten;<\/li>\n<li>UAB iClaim besteht aus einem Team von Fachleuten in den Bereichen Versicherung, Logistik und Recht;<\/li>\n<li>Wir k\u00f6nnen im Durchschnitt 15 Jahre Berufserfahrung im Schadens- und Risikomanagement vorweisen;<\/li>\n<\/ul>\n<p>HINWEIS: iCLaim ist kein Versicherungsvermittler, wie in Richtlinie 2002\/92\/EC des Europaparlaments und des Gremiums vom 9. Dezember 2002 zu Versicherungsvermittlung festgehalten (OJ, 2004, Sonderausgabe, Kapitel 06, Band 004, S. 330).[\/vc_column_text][\/vc_column][\/vc_row]<\/p>\n","protected":false},"excerpt":{"rendered":"<p>[vc_row css=&#8221;.vc_custom_1440062521103{margin-bottom: 60px !important;}&#8221;][vc_column width=&#8221;1\/3&#8243; wap_class=&#8221;&#8221; wap_id=&#8221;&#8221; column_effect=&#8221;bottommove&#8221;][vc_single_image image=&#8221;2519&#8243; img_size=&#8221;full&#8221; alignment=&#8221;center&#8221;][\/vc_column][vc_column width=&#8221;2\/3&#8243; wap_class=&#8221;&#8221; wap_id=&#8221;&#8221; column_effect=&#8221;bottommove&#8221;][vc_column_text css=&#8221;.vc_custom_1569395539199{margin-right: 10px !important;margin-left: 10px !important;}&#8221; el_class=&#8221;.lead&#8221;]iClaim ist ein im Bereich Schadens- und Risikomanagement international t\u00e4tiges Unternehmen. F\u00fcr weitere Informationen zu unseren Services hier klicken. Profil: Gr\u00fcndungsjahr \u2013 2007; Vertretungen in Vilnius, Riga und Tallin; \u00dcber 300 Versicherer sind vertreten; UAB [&hellip;]<\/p>\n","protected":false},"author":1,"featured_media":0,"parent":0,"menu_order":0,"comment_status":"open","ping_status":"open","template":"page-templates\/template-canvas.php","meta":[],"yoast_head":"<!-- This site is optimized with the Yoast SEO plugin v20.8 - https:\/\/yoast.com\/wordpress\/plugins\/seo\/ -->\n<title>\u00dcber uns - iClaim<\/title>\n<meta name=\"robots\" content=\"index, follow, max-snippet:-1, max-image-preview:large, max-video-preview:-1\" \/>\n<link rel=\"canonical\" href=\"https:\/\/iclaim-group.com\/de\/uber-uns\/\" \/>\n<meta property=\"og:locale\" content=\"de_DE\" \/>\n<meta property=\"og:type\" content=\"article\" \/>\n<meta property=\"og:title\" content=\"\u00dcber uns - iClaim\" \/>\n<meta property=\"og:description\" content=\"[vc_row css=&#8221;.vc_custom_1440062521103{margin-bottom: 60px !important;}&#8221;][vc_column width=&#8221;1\/3&#8243; wap_class=&#8221;&#8221; wap_id=&#8221;&#8221; column_effect=&#8221;bottommove&#8221;][vc_single_image image=&#8221;2519&#8243; img_size=&#8221;full&#8221; alignment=&#8221;center&#8221;][\/vc_column][vc_column width=&#8221;2\/3&#8243; wap_class=&#8221;&#8221; wap_id=&#8221;&#8221; column_effect=&#8221;bottommove&#8221;][vc_column_text css=&#8221;.vc_custom_1569395539199{margin-right: 10px !important;margin-left: 10px !important;}&#8221; el_class=&#8221;.lead&#8221;]iClaim ist ein im Bereich Schadens- und Risikomanagement international t\u00e4tiges Unternehmen. F\u00fcr weitere Informationen zu unseren Services hier klicken. Profil: Gr\u00fcndungsjahr \u2013 2007; Vertretungen in Vilnius, Riga und Tallin; \u00dcber 300 Versicherer sind vertreten; UAB [&hellip;]\" \/>\n<meta property=\"og:url\" content=\"https:\/\/iclaim-group.com\/de\/uber-uns\/\" \/>\n<meta property=\"og:site_name\" content=\"iClaim\" \/>\n<meta property=\"article:modified_time\" content=\"2019-09-25T07:12:25+00:00\" \/>\n<meta name=\"twitter:card\" content=\"summary_large_image\" \/>\n<meta name=\"twitter:label1\" content=\"Gesch\u00e4tzte Lesezeit\" \/>\n\t<meta name=\"twitter:data1\" content=\"1\u00a0Minute\" \/>\n<script type=\"application\/ld+json\" class=\"yoast-schema-graph\">{\"@context\":\"https:\/\/schema.org\",\"@graph\":[{\"@type\":\"WebPage\",\"@id\":\"https:\/\/iclaim-group.com\/de\/uber-uns\/\",\"url\":\"https:\/\/iclaim-group.com\/de\/uber-uns\/\",\"name\":\"\u00dcber uns - iClaim\",\"isPartOf\":{\"@id\":\"https:\/\/iclaim-group.com\/#website\"},\"datePublished\":\"2019-08-04T13:37:06+00:00\",\"dateModified\":\"2019-09-25T07:12:25+00:00\",\"breadcrumb\":{\"@id\":\"https:\/\/iclaim-group.com\/de\/uber-uns\/#breadcrumb\"},\"inLanguage\":\"de\",\"potentialAction\":[{\"@type\":\"ReadAction\",\"target\":[\"https:\/\/iclaim-group.com\/de\/uber-uns\/\"]}]},{\"@type\":\"BreadcrumbList\",\"@id\":\"https:\/\/iclaim-group.com\/de\/uber-uns\/#breadcrumb\",\"itemListElement\":[{\"@type\":\"ListItem\",\"position\":1,\"name\":\"Home\",\"item\":\"https:\/\/iclaim-group.com\/de\/\"},{\"@type\":\"ListItem\",\"position\":2,\"name\":\"\u00dcber uns\"}]},{\"@type\":\"WebSite\",\"@id\":\"https:\/\/iclaim-group.com\/#website\",\"url\":\"https:\/\/iclaim-group.com\/\",\"name\":\"iClaim\",\"description\":\"\",\"potentialAction\":[{\"@type\":\"SearchAction\",\"target\":{\"@type\":\"EntryPoint\",\"urlTemplate\":\"https:\/\/iclaim-group.com\/?s={search_term_string}\"},\"query-input\":\"required name=search_term_string\"}],\"inLanguage\":\"de\"}]}<\/script>\n<!-- \/ Yoast SEO plugin. -->","yoast_head_json":{"title":"\u00dcber uns - iClaim","robots":{"index":"index","follow":"follow","max-snippet":"max-snippet:-1","max-image-preview":"max-image-preview:large","max-video-preview":"max-video-preview:-1"},"canonical":"https:\/\/iclaim-group.com\/de\/uber-uns\/","og_locale":"de_DE","og_type":"article","og_title":"\u00dcber uns - iClaim","og_description":"[vc_row css=&#8221;.vc_custom_1440062521103{margin-bottom: 60px !important;}&#8221;][vc_column width=&#8221;1\/3&#8243; wap_class=&#8221;&#8221; wap_id=&#8221;&#8221; column_effect=&#8221;bottommove&#8221;][vc_single_image image=&#8221;2519&#8243; img_size=&#8221;full&#8221; alignment=&#8221;center&#8221;][\/vc_column][vc_column width=&#8221;2\/3&#8243; wap_class=&#8221;&#8221; wap_id=&#8221;&#8221; column_effect=&#8221;bottommove&#8221;][vc_column_text css=&#8221;.vc_custom_1569395539199{margin-right: 10px !important;margin-left: 10px !important;}&#8221; el_class=&#8221;.lead&#8221;]iClaim ist ein im Bereich Schadens- und Risikomanagement international t\u00e4tiges Unternehmen. F\u00fcr weitere Informationen zu unseren Services hier klicken. Profil: Gr\u00fcndungsjahr \u2013 2007; Vertretungen in Vilnius, Riga und Tallin; \u00dcber 300 Versicherer sind vertreten; UAB [&hellip;]","og_url":"https:\/\/iclaim-group.com\/de\/uber-uns\/","og_site_name":"iClaim","article_modified_time":"2019-09-25T07:12:25+00:00","twitter_card":"summary_large_image","twitter_misc":{"Gesch\u00e4tzte Lesezeit":"1\u00a0Minute"},"schema":{"@context":"https:\/\/schema.org","@graph":[{"@type":"WebPage","@id":"https:\/\/iclaim-group.com\/de\/uber-uns\/","url":"https:\/\/iclaim-group.com\/de\/uber-uns\/","name":"\u00dcber uns - iClaim","isPartOf":{"@id":"https:\/\/iclaim-group.com\/#website"},"datePublished":"2019-08-04T13:37:06+00:00","dateModified":"2019-09-25T07:12:25+00:00","breadcrumb":{"@id":"https:\/\/iclaim-group.com\/de\/uber-uns\/#breadcrumb"},"inLanguage":"de","potentialAction":[{"@type":"ReadAction","target":["https:\/\/iclaim-group.com\/de\/uber-uns\/"]}]},{"@type":"BreadcrumbList","@id":"https:\/\/iclaim-group.com\/de\/uber-uns\/#breadcrumb","itemListElement":[{"@type":"ListItem","position":1,"name":"Home","item":"https:\/\/iclaim-group.com\/de\/"},{"@type":"ListItem","position":2,"name":"\u00dcber uns"}]},{"@type":"WebSite","@id":"https:\/\/iclaim-group.com\/#website","url":"https:\/\/iclaim-group.com\/","name":"iClaim","description":"","potentialAction":[{"@type":"SearchAction","target":{"@type":"EntryPoint","urlTemplate":"https:\/\/iclaim-group.com\/?s={search_term_string}"},"query-input":"required name=search_term_string"}],"inLanguage":"de"}]}},"_links":{"self":[{"href":"https:\/\/iclaim-group.com\/de\/wp-json\/wp\/v2\/pages\/2935"}],"collection":[{"href":"https:\/\/iclaim-group.com\/de\/wp-json\/wp\/v2\/pages"}],"about":[{"href":"https:\/\/iclaim-group.com\/de\/wp-json\/wp\/v2\/types\/page"}],"author":[{"embeddable":true,"href":"https:\/\/iclaim-group.com\/de\/wp-json\/wp\/v2\/users\/1"}],"replies":[{"embeddable":true,"href":"https:\/\/iclaim-group.com\/de\/wp-json\/wp\/v2\/comments?post=2935"}],"version-history":[{"count":7,"href":"https:\/\/iclaim-group.com\/de\/wp-json\/wp\/v2\/pages\/2935\/revisions"}],"predecessor-version":[{"id":3183,"href":"https:\/\/iclaim-group.com\/de\/wp-json\/wp\/v2\/pages\/2935\/revisions\/3183"}],"wp:attachment":[{"href":"https:\/\/iclaim-group.com\/de\/wp-json\/wp\/v2\/media?parent=2935"}],"curies":[{"name":"wp","href":"https:\/\/api.w.org\/{rel}","templated":true}]}}