{"id":2709,"date":"2015-07-01T09:09:24","date_gmt":"2015-07-01T09:09:24","guid":{"rendered":"https:\/\/iclaim.w-i.lt\/duk\/"},"modified":"2019-09-25T13:47:01","modified_gmt":"2019-09-25T10:47:01","slug":"kkk","status":"publish","type":"page","link":"https:\/\/iclaim-group.com\/et\/kkk\/","title":{"rendered":"KKK"},"content":{"rendered":"<p>[vc_row extra_id=&#8221;bendri-klausimai&#8221; wrap_class=&#8221;no&#8221;][vc_column width=&#8221;1\/4&#8243; title=&#8221;&#8221; wap_class=&#8221;&#8221; wap_id=&#8221;&#8221; column_effect=&#8221;bottommove&#8221;][vc_column_text]<\/p>\n<div id=\"leftCol\" class=\"nav-sidebar\">\n<div id=\"sidebar\" class=\"hide-side\">\n<ul id=\"sidebar\" class=\"nav\">\n<li><a class=\"\" href=\"#bendri-klausimai\">\u00dcldised k\u00fcsimused<\/a><\/li>\n<li><a href=\"#row2\">Esitatavate dokumentidega seotud k\u00fcsimused<\/a><\/li>\n<li><a href=\"#row3\">H\u00fcvitamisega seotud k\u00fcsimused<\/a><\/li>\n<\/ul>\n<div class=\"grey-box promo-grey-box\">\n<p><a class=\"btn tp-btn tp-btn-orange\" href=\"\/registruoti-zala\/\">Registreerige kahju<\/a><\/p>\n<\/div>\n<\/div>\n<\/div>\n<p>[\/vc_column_text][\/vc_column][vc_column width=&#8221;3\/4&#8243; title=&#8221;&#8221; column_effect=&#8221;bottommove&#8221; css=&#8221;.vc_custom_1562089196822{margin-right: 10px !important;margin-left: 10px !important;padding-top: 20px !important;}&#8221;][vc_row_inner][vc_column_inner css=&#8221;.vc_custom_1562089356728{margin-right: 10px !important;}&#8221;]<h2 class=\"\" style=\"text-align: left;\">1. Kuidas ma saan teada, kes esindab s\u00fc\u00fcdlase kindlustusseltsi Eestis?<\/h2>[vc_column_text]VASTUS: k\u00fclastage veebisaiti <a href=\"https:\/\/www.lkf.ee\/et\/korrespondendid\">www.lkf.ee<\/a>, et leida v\u00e4lismaine kindlustusettev\u00f5te, kes vastutab kahju h\u00fcvitamise eest.[\/vc_column_text][\/vc_column_inner][\/vc_row_inner][vc_row_inner el_id=&#8221;kokias-zalas&#8221;][vc_column_inner]<h2 class=\"\" style=\"text-align: left;\">2. Milliseid kahjun\u00f5udeid iClaim Eesti O\u00dc menetleb?<\/h2>[vc_column_text css=&#8221;.vc_custom_1567081710518{margin-right: 10px !important;}&#8221;]VASTUS: iClaim Eesti O\u00dc tegutseb v\u00e4lisriikide kindlustusseltside nimel Eesti Vabariigis ja Euroopa Majanduspiirkonnas liiklus\u00f5nnetuste kindlustusn\u00f5uete haldamisel ja lahendamisel.<\/p>\n<p>M\u00c4RKUS: V\u00e4ljaspool Eestit toimunud \u00f5nnetusjuhtumikindlustuse kahjun\u00f5udeid saab h\u00fcvitada alles p\u00e4rast seda, kui iClaim Eesti O\u00dc esindatud kindlustusandja kinnitab nii vastutava isiku vastutust kui ka vastutust \u00f5nnetuse eest ja n\u00f5ude suurust.[\/vc_column_text][\/vc_column_inner][\/vc_row_inner][vc_row_inner][vc_column_inner]<h2 class=\"\" style=\"text-align: left;\">3. S\u00fc\u00fcdlase kindlustusseltsi esindab Eestis iClaim Eesti O\u00dc. Kuidas saab kahjutasu taotleda?<\/h2>[vc_column_text css=&#8221;.vc_custom_1569395937342{margin-right: 10px !important;}&#8221;]VASTUS: kahjun\u00f5udeid saab registreerida <span style=\"text-decoration: underline;\">vaid veebis<\/span> \u2013 kl\u00f5psake veebisaidi \u00fcksk\u00f5ik millisel lehel lingil <a href=\"https:\/\/iclaim-group.com\/et\/teatage-liiklusonnetusest\/\">Registreeri kahjun\u00f5ue<\/a>, t\u00e4itke vorm, lisage vajalikud dokumendid ning vajutage Saada.[\/vc_column_text][\/vc_column_inner][\/vc_row_inner][\/vc_column][\/vc_row][vc_row extra_id=&#8221;row2&#8243;][vc_column width=&#8221;1\/4&#8243;][\/vc_column][vc_column width=&#8221;3\/4&#8243; css=&#8221;.vc_custom_1562089733157{margin-left: 10px !important;}&#8221;][vc_row_inner][vc_column_inner]<h2 class=\"\" style=\"text-align: left;\">4. Millised dokumendid pean kahju registreerimiseks esitama?<\/h2>[vc_column_text css=&#8221;.vc_custom_1562090230182{margin-right: 10px !important;}&#8221;]VASTUS: selleks, et kahjun\u00f5ue registreerida ja menetleda, palume teil lisada koheselt vajalikud dokumendid:<\/p>\n<ul>\n<li>Teade liiklus\u00f5nnetusest v\u00f5i politseiaruanne;<\/li>\n<li>S\u00f5iduki registritunnistus;<\/li>\n<li>Juhiluba;<\/li>\n<li>Fotod s\u00f5iduki kahjustunud kohtadest;<\/li>\n<li>Fotod \u00f5nnetuskohast ja tekkinud kahjudest;<\/li>\n<li>Dokumendid (kui on), mis kinnitavad kahjun\u00f5ude suurust;<\/li>\n<li>Volikiri (kus volitatud isik teavitab kahjudest).<\/li>\n<\/ul>\n<p>M\u00c4RKUS: see pole l\u00f5plik nimekiri esitatavatest dokumentidest; kahjun\u00f5ude menetlemises v\u00f5ib vaja minna t\u00e4iendavaid dokumente.[\/vc_column_text][\/vc_column_inner][\/vc_row_inner][vc_row_inner][vc_column_inner]<h2 class=\"\" style=\"text-align: left;\">5. Millised dokumendi kinnitavad kahju suurust?<\/h2>[vc_column_text]VASTUS: olukord v\u00f5ib n\u00f5uda, et kahjun\u00f5ude suuruse peavad kinnitama arved, parandust\u00f6\u00f6 hinnanguline maksumus (koosk\u00f5lastatud meie ekspertidega), parandust\u00f6\u00f6de arved, s\u00f5ltumatute ekspertide ja leiud ning teised dokumendid.<\/p>\n<p>M\u00c4RKUS: \u00fclaltoodud nimekiri dokumentidest on vaid suuniseks ning see v\u00f5ib muutuda vastavalt juhtumile.[\/vc_column_text][\/vc_column_inner][\/vc_row_inner][vc_row_inner][vc_column_inner]<h2 class=\"\" style=\"text-align: left;\">6. \u00d5nnetus toimus teises riigis, kuid mul pole politseiaruannet ega teadet \u00f5nnetusest. Kas sellisel juhul kahjud h\u00fcvitatakse?<\/h2>[vc_column_text]VASTUS: vabandame, aga antud juhul ei saa me tekkinud kahjusid korvata.<\/p>\n<p>Siiski, kui me saame k\u00e4tte politseiaruande v\u00f5i muu dokumendi, mis kinnitab, et te pole vastutav osapool vaid kahjukannataja, j\u00e4tkame meeledi teie kahjun\u00f5ude menetlemist (eeldusel, et kahjun\u00f5ude esitamise t\u00e4htaeg pole m\u00f6\u00f6dunud).[\/vc_column_text][\/vc_column_inner][\/vc_row_inner][\/vc_column][\/vc_row][vc_row extra_id=&#8221;row3&#8243;][vc_column width=&#8221;1\/4&#8243;][\/vc_column][vc_column width=&#8221;3\/4&#8243; css=&#8221;.vc_custom_1562089968286{margin-right: 10px !important;margin-left: 10px !important;}&#8221;][vc_row_inner][vc_column_inner]<h2 class=\"\" style=\"text-align: left;\">7. Kellel on \u00f5igus saada kindlustush\u00fcvitist?<\/h2>[vc_column_text]VASTUS: kahjud korvatakse j\u00e4rgmistele isikutele, kes kahju kannatasid.<\/p>\n<ul>\n<li>Vara omanik &#8211; vara kahjustumise\/h\u00e4vimise korral;<\/li>\n<li>Vigastatud isik &#8211; vigastuse korral;<\/li>\n<li>Kahju kannatanud isik &#8211; muu kahju korral;<\/li>\n<\/ul>\n<p>Kahju korvatakse teistele isikutele \u00fcksnes vigastatud isiku kirjaliku taotluse korral.[\/vc_column_text][\/vc_column_inner][\/vc_row_inner][vc_row_inner][vc_column_inner]<h2 class=\"\" style=\"text-align: left;\">8. Kui kaua l\u00e4heb aega kindlustush\u00fcvitise v\u00f5i kahjun\u00f5udele vastuse saamiseks?<\/h2>[vc_column_text]VASTUS:<\/p>\n<ul>\n<li>Eestis toimunud liiklus\u00f5nnetuse korral tuleb kahju h\u00fcvitada 30 p\u00e4eva jooksul p\u00e4rast vajalike dokumentide esitamist.<\/li>\n<li>V\u00e4ljaspool Eestit toimunud liiklus\u00f5nnetuse korral tuleb h\u00fcvitise saamiseks esitada p\u00f5hjendatud vastus 3 kuu jooksul alates n\u00f5ude saamisest.<\/li>\n<\/ul>\n<p>[\/vc_column_text][\/vc_column_inner][\/vc_row_inner][vc_row_inner][vc_column_inner]<h2 class=\"\" style=\"text-align: left;\">9. Mis peaksin tegema, kui ma ei n\u00f5ustu kindlustush\u00fcvituse summaga?<\/h2>[vc_column_text]VASTUS: kui te pole rahul h\u00fcvitise suurusega, saate p\u00f6\u00f6rduda kohtu poole.[\/vc_column_text][\/vc_column_inner][\/vc_row_inner][\/vc_column][\/vc_row][vc_row][vc_column][vc_empty_space height=&#8221;5px&#8221;][\/vc_column][\/vc_row]<\/p>\n","protected":false},"excerpt":{"rendered":"<p>[vc_row extra_id=&#8221;bendri-klausimai&#8221; wrap_class=&#8221;no&#8221;][vc_column width=&#8221;1\/4&#8243; title=&#8221;&#8221; wap_class=&#8221;&#8221; wap_id=&#8221;&#8221; column_effect=&#8221;bottommove&#8221;][vc_column_text] \u00dcldised k\u00fcsimused Esitatavate dokumentidega seotud k\u00fcsimused H\u00fcvitamisega seotud k\u00fcsimused Registreerige kahju [\/vc_column_text][\/vc_column][vc_column width=&#8221;3\/4&#8243; title=&#8221;&#8221; column_effect=&#8221;bottommove&#8221; css=&#8221;.vc_custom_1562089196822{margin-right: 10px !important;margin-left: 10px !important;padding-top: 20px !important;}&#8221;][vc_row_inner][vc_column_inner css=&#8221;.vc_custom_1562089356728{margin-right: 10px !important;}&#8221;][vc_column_text]VASTUS: k\u00fclastage veebisaiti www.lkf.ee, et leida v\u00e4lismaine kindlustusettev\u00f5te, kes vastutab kahju h\u00fcvitamise eest.[\/vc_column_text][\/vc_column_inner][\/vc_row_inner][vc_row_inner el_id=&#8221;kokias-zalas&#8221;][vc_column_inner][vc_column_text css=&#8221;.vc_custom_1567081710518{margin-right: 10px !important;}&#8221;]VASTUS: iClaim Eesti O\u00dc tegutseb v\u00e4lisriikide kindlustusseltside [&hellip;]<\/p>\n","protected":false},"author":1,"featured_media":0,"parent":0,"menu_order":0,"comment_status":"open","ping_status":"open","template":"page-templates\/template-canvas.php","meta":[],"yoast_head":"<!-- This site is optimized with the Yoast SEO plugin v20.8 - https:\/\/yoast.com\/wordpress\/plugins\/seo\/ -->\n<title>KKK - iClaim<\/title>\n<meta name=\"robots\" content=\"index, follow, max-snippet:-1, max-image-preview:large, max-video-preview:-1\" \/>\n<link rel=\"canonical\" href=\"https:\/\/iclaim-group.com\/et\/kkk\/\" \/>\n<meta property=\"og:locale\" content=\"et_EE\" \/>\n<meta property=\"og:type\" content=\"article\" \/>\n<meta property=\"og:title\" content=\"KKK - iClaim\" \/>\n<meta property=\"og:description\" content=\"[vc_row extra_id=&#8221;bendri-klausimai&#8221; wrap_class=&#8221;no&#8221;][vc_column width=&#8221;1\/4&#8243; title=&#8221;&#8221; wap_class=&#8221;&#8221; wap_id=&#8221;&#8221; column_effect=&#8221;bottommove&#8221;][vc_column_text] \u00dcldised k\u00fcsimused Esitatavate dokumentidega seotud k\u00fcsimused H\u00fcvitamisega seotud k\u00fcsimused Registreerige kahju [\/vc_column_text][\/vc_column][vc_column width=&#8221;3\/4&#8243; title=&#8221;&#8221; column_effect=&#8221;bottommove&#8221; css=&#8221;.vc_custom_1562089196822{margin-right: 10px !important;margin-left: 10px !important;padding-top: 20px !important;}&#8221;][vc_row_inner][vc_column_inner css=&#8221;.vc_custom_1562089356728{margin-right: 10px !important;}&#8221;][vc_column_text]VASTUS: k\u00fclastage veebisaiti www.lkf.ee, et leida v\u00e4lismaine kindlustusettev\u00f5te, kes vastutab kahju h\u00fcvitamise eest.[\/vc_column_text][\/vc_column_inner][\/vc_row_inner][vc_row_inner el_id=&#8221;kokias-zalas&#8221;][vc_column_inner][vc_column_text css=&#8221;.vc_custom_1567081710518{margin-right: 10px !important;}&#8221;]VASTUS: iClaim Eesti O\u00dc tegutseb v\u00e4lisriikide kindlustusseltside [&hellip;]\" \/>\n<meta property=\"og:url\" content=\"https:\/\/iclaim-group.com\/et\/kkk\/\" \/>\n<meta property=\"og:site_name\" content=\"iClaim\" \/>\n<meta property=\"article:modified_time\" content=\"2019-09-25T10:47:01+00:00\" \/>\n<meta name=\"twitter:card\" content=\"summary_large_image\" \/>\n<meta name=\"twitter:label1\" content=\"Est. reading time\" \/>\n\t<meta name=\"twitter:data1\" content=\"4 minutit\" \/>\n<script type=\"application\/ld+json\" class=\"yoast-schema-graph\">{\"@context\":\"https:\/\/schema.org\",\"@graph\":[{\"@type\":\"WebPage\",\"@id\":\"https:\/\/iclaim-group.com\/et\/kkk\/\",\"url\":\"https:\/\/iclaim-group.com\/et\/kkk\/\",\"name\":\"KKK - iClaim\",\"isPartOf\":{\"@id\":\"https:\/\/iclaim-group.com\/#website\"},\"datePublished\":\"2015-07-01T09:09:24+00:00\",\"dateModified\":\"2019-09-25T10:47:01+00:00\",\"breadcrumb\":{\"@id\":\"https:\/\/iclaim-group.com\/et\/kkk\/#breadcrumb\"},\"inLanguage\":\"et\",\"potentialAction\":[{\"@type\":\"ReadAction\",\"target\":[\"https:\/\/iclaim-group.com\/et\/kkk\/\"]}]},{\"@type\":\"BreadcrumbList\",\"@id\":\"https:\/\/iclaim-group.com\/et\/kkk\/#breadcrumb\",\"itemListElement\":[{\"@type\":\"ListItem\",\"position\":1,\"name\":\"Home\",\"item\":\"https:\/\/iclaim-group.com\/et\/\"},{\"@type\":\"ListItem\",\"position\":2,\"name\":\"KKK\"}]},{\"@type\":\"WebSite\",\"@id\":\"https:\/\/iclaim-group.com\/#website\",\"url\":\"https:\/\/iclaim-group.com\/\",\"name\":\"iClaim\",\"description\":\"\",\"potentialAction\":[{\"@type\":\"SearchAction\",\"target\":{\"@type\":\"EntryPoint\",\"urlTemplate\":\"https:\/\/iclaim-group.com\/?s={search_term_string}\"},\"query-input\":\"required name=search_term_string\"}],\"inLanguage\":\"et\"}]}<\/script>\n<!-- \/ Yoast SEO plugin. -->","yoast_head_json":{"title":"KKK - iClaim","robots":{"index":"index","follow":"follow","max-snippet":"max-snippet:-1","max-image-preview":"max-image-preview:large","max-video-preview":"max-video-preview:-1"},"canonical":"https:\/\/iclaim-group.com\/et\/kkk\/","og_locale":"et_EE","og_type":"article","og_title":"KKK - iClaim","og_description":"[vc_row extra_id=&#8221;bendri-klausimai&#8221; wrap_class=&#8221;no&#8221;][vc_column width=&#8221;1\/4&#8243; title=&#8221;&#8221; wap_class=&#8221;&#8221; wap_id=&#8221;&#8221; column_effect=&#8221;bottommove&#8221;][vc_column_text] \u00dcldised k\u00fcsimused Esitatavate dokumentidega seotud k\u00fcsimused H\u00fcvitamisega seotud k\u00fcsimused Registreerige kahju [\/vc_column_text][\/vc_column][vc_column width=&#8221;3\/4&#8243; title=&#8221;&#8221; column_effect=&#8221;bottommove&#8221; css=&#8221;.vc_custom_1562089196822{margin-right: 10px !important;margin-left: 10px !important;padding-top: 20px !important;}&#8221;][vc_row_inner][vc_column_inner css=&#8221;.vc_custom_1562089356728{margin-right: 10px !important;}&#8221;][vc_column_text]VASTUS: k\u00fclastage veebisaiti www.lkf.ee, et leida v\u00e4lismaine kindlustusettev\u00f5te, kes vastutab kahju h\u00fcvitamise eest.[\/vc_column_text][\/vc_column_inner][\/vc_row_inner][vc_row_inner el_id=&#8221;kokias-zalas&#8221;][vc_column_inner][vc_column_text css=&#8221;.vc_custom_1567081710518{margin-right: 10px !important;}&#8221;]VASTUS: iClaim Eesti O\u00dc tegutseb v\u00e4lisriikide kindlustusseltside [&hellip;]","og_url":"https:\/\/iclaim-group.com\/et\/kkk\/","og_site_name":"iClaim","article_modified_time":"2019-09-25T10:47:01+00:00","twitter_card":"summary_large_image","twitter_misc":{"Est. reading time":"4 minutit"},"schema":{"@context":"https:\/\/schema.org","@graph":[{"@type":"WebPage","@id":"https:\/\/iclaim-group.com\/et\/kkk\/","url":"https:\/\/iclaim-group.com\/et\/kkk\/","name":"KKK - iClaim","isPartOf":{"@id":"https:\/\/iclaim-group.com\/#website"},"datePublished":"2015-07-01T09:09:24+00:00","dateModified":"2019-09-25T10:47:01+00:00","breadcrumb":{"@id":"https:\/\/iclaim-group.com\/et\/kkk\/#breadcrumb"},"inLanguage":"et","potentialAction":[{"@type":"ReadAction","target":["https:\/\/iclaim-group.com\/et\/kkk\/"]}]},{"@type":"BreadcrumbList","@id":"https:\/\/iclaim-group.com\/et\/kkk\/#breadcrumb","itemListElement":[{"@type":"ListItem","position":1,"name":"Home","item":"https:\/\/iclaim-group.com\/et\/"},{"@type":"ListItem","position":2,"name":"KKK"}]},{"@type":"WebSite","@id":"https:\/\/iclaim-group.com\/#website","url":"https:\/\/iclaim-group.com\/","name":"iClaim","description":"","potentialAction":[{"@type":"SearchAction","target":{"@type":"EntryPoint","urlTemplate":"https:\/\/iclaim-group.com\/?s={search_term_string}"},"query-input":"required name=search_term_string"}],"inLanguage":"et"}]}},"_links":{"self":[{"href":"https:\/\/iclaim-group.com\/et\/wp-json\/wp\/v2\/pages\/2709"}],"collection":[{"href":"https:\/\/iclaim-group.com\/et\/wp-json\/wp\/v2\/pages"}],"about":[{"href":"https:\/\/iclaim-group.com\/et\/wp-json\/wp\/v2\/types\/page"}],"author":[{"embeddable":true,"href":"https:\/\/iclaim-group.com\/et\/wp-json\/wp\/v2\/users\/1"}],"replies":[{"embeddable":true,"href":"https:\/\/iclaim-group.com\/et\/wp-json\/wp\/v2\/comments?post=2709"}],"version-history":[{"count":16,"href":"https:\/\/iclaim-group.com\/et\/wp-json\/wp\/v2\/pages\/2709\/revisions"}],"predecessor-version":[{"id":3202,"href":"https:\/\/iclaim-group.com\/et\/wp-json\/wp\/v2\/pages\/2709\/revisions\/3202"}],"wp:attachment":[{"href":"https:\/\/iclaim-group.com\/et\/wp-json\/wp\/v2\/media?parent=2709"}],"curies":[{"name":"wp","href":"https:\/\/api.w.org\/{rel}","templated":true}]}}