{"id":2692,"date":"2015-07-01T10:10:23","date_gmt":"2015-07-01T10:10:23","guid":{"rendered":"https:\/\/iclaim.w-i.lt\/home\/"},"modified":"2019-08-28T16:51:56","modified_gmt":"2019-08-28T13:51:56","slug":"home","status":"publish","type":"page","link":"https:\/\/iclaim-group.com\/lv\/home\/","title":{"rendered":"S\u0101kums"},"content":{"rendered":"<p>[vc_row fullwidth=&#8221;yes&#8221; wrap_class=&#8221;no&#8221;][vc_column title=&#8221;&#8221; wap_class=&#8221;&#8221; wap_id=&#8221;&#8221; column_effect=&#8221;bottommove&#8221;][\/vc_column][\/vc_row][vc_row wrap_class=&#8221;no&#8221;][vc_column column_effect=&#8221;bottommove&#8221; css=&#8221;.vc_custom_1557739463841{padding-top: 50px !important;}&#8221;]<h1 class=\"\" style=\"text-align: center;\">Riska un zaud\u0113jumu vad\u012bba<br \/>\nLatvij\u0101 un \u0101rzem\u0113s<\/h1>[vc_row_inner][vc_column_inner][vc_empty_space][\/vc_column_inner][\/vc_row_inner][\/vc_column][\/vc_row][vc_row full_width=&#8221;&#8221; parallax=&#8221;&#8221; parallax_image=&#8221;&#8221; ses_sub_title=&#8221;&#8221; ses_title=&#8221;&#8221; wrap_class=&#8221;no&#8221;][vc_column title=&#8221;&#8221; wap_class=&#8221;&#8221; wap_id=&#8221;&#8221; column_effect=&#8221;bottommove&#8221;]\n\t\n\t\t\t\t\t\t\t\t\t<a class=\"insurance-block--link\" href=\"\/lv\/pakolpojumi\/\">\n\n\t\t\t\t\t\t<div class=\"col-md-6 insurance-block\">\n\t\t\t\t\t\t\t<i class=\"fa fa-umbrella\"><\/i> \t\t\t\t\t\t\t<h2> Pakalpojumi <\/h2>\n\t\t\t\t\t\t\t\t\t\t\t\t\t\t\t\t\t\t\t\t<\/div>\n\n\t\t\t\t\t<\/a>\n\t\t\t\t\n\t\n\t\n\t\n\t\t\t\t\t\t\t\t\t<a class=\"insurance-block--link\" href=\"\/lv\/par-mums\/\">\n\n\t\t\t\t\t\t<div class=\"col-md-6 insurance-block\">\n\t\t\t\t\t\t\t<i class=\"fa fa-user\"><\/i> \t\t\t\t\t\t\t<h2> Par mums <\/h2>\n\t\t\t\t\t\t\t\t\t\t\t\t\t\t\t\t\t\t\t\t<\/div>\n\n\t\t\t\t\t<\/a>\n\t\t\t\t\n\t\n\t[vc_row_inner][vc_column_inner][vc_empty_space height=&#8221;50px&#8221;][\/vc_column_inner][\/vc_row_inner][\/vc_column][\/vc_row][vc_row disable_element=&#8221;yes&#8221; wrap_class=&#8221;no&#8221; css=&#8221;.vc_custom_1553768307914{border-top-width: 100px !important;padding-bottom: 100px !important;background-color: #fafafa !important;}&#8221;][vc_column column_effect=&#8221;bottommove&#8221;][vc_empty_space height=&#8221;100px&#8221;][\/vc_column][\/vc_row]<\/p>\n","protected":false},"excerpt":{"rendered":"<p>[vc_row fullwidth=&#8221;yes&#8221; wrap_class=&#8221;no&#8221;][vc_column title=&#8221;&#8221; wap_class=&#8221;&#8221; wap_id=&#8221;&#8221; column_effect=&#8221;bottommove&#8221;][\/vc_column][\/vc_row][vc_row wrap_class=&#8221;no&#8221;][vc_column column_effect=&#8221;bottommove&#8221; css=&#8221;.vc_custom_1557739463841{padding-top: 50px !important;}&#8221;][vc_row_inner][vc_column_inner][vc_empty_space][\/vc_column_inner][\/vc_row_inner][\/vc_column][\/vc_row][vc_row full_width=&#8221;&#8221; parallax=&#8221;&#8221; parallax_image=&#8221;&#8221; ses_sub_title=&#8221;&#8221; ses_title=&#8221;&#8221; wrap_class=&#8221;no&#8221;][vc_column title=&#8221;&#8221; wap_class=&#8221;&#8221; wap_id=&#8221;&#8221; column_effect=&#8221;bottommove&#8221;][vc_row_inner][vc_column_inner][vc_empty_space height=&#8221;50px&#8221;][\/vc_column_inner][\/vc_row_inner][\/vc_column][\/vc_row][vc_row disable_element=&#8221;yes&#8221; wrap_class=&#8221;no&#8221; css=&#8221;.vc_custom_1553768307914{border-top-width: 100px !important;padding-bottom: 100px !important;background-color: #fafafa !important;}&#8221;][vc_column column_effect=&#8221;bottommove&#8221;][vc_empty_space height=&#8221;100px&#8221;][\/vc_column][\/vc_row]<\/p>\n","protected":false},"author":1,"featured_media":0,"parent":0,"menu_order":0,"comment_status":"open","ping_status":"open","template":"page-templates\/template-home.php","meta":[],"yoast_head":"<!-- This site is optimized with the Yoast SEO plugin v20.8 - https:\/\/yoast.com\/wordpress\/plugins\/seo\/ -->\n<title>S\u0101kums - iClaim<\/title>\n<meta name=\"robots\" content=\"index, follow, max-snippet:-1, max-image-preview:large, max-video-preview:-1\" \/>\n<link rel=\"canonical\" href=\"https:\/\/iclaim-group.com\/lv\/home\/\" \/>\n<meta property=\"og:locale\" content=\"lv_LV\" \/>\n<meta property=\"og:type\" content=\"article\" \/>\n<meta property=\"og:title\" content=\"S\u0101kums - iClaim\" \/>\n<meta property=\"og:description\" content=\"[vc_row fullwidth=&#8221;yes&#8221; wrap_class=&#8221;no&#8221;][vc_column title=&#8221;&#8221; wap_class=&#8221;&#8221; wap_id=&#8221;&#8221; column_effect=&#8221;bottommove&#8221;][\/vc_column][\/vc_row][vc_row wrap_class=&#8221;no&#8221;][vc_column column_effect=&#8221;bottommove&#8221; css=&#8221;.vc_custom_1557739463841{padding-top: 50px !important;}&#8221;][vc_row_inner][vc_column_inner][vc_empty_space][\/vc_column_inner][\/vc_row_inner][\/vc_column][\/vc_row][vc_row full_width=&#8221;&#8221; parallax=&#8221;&#8221; parallax_image=&#8221;&#8221; ses_sub_title=&#8221;&#8221; ses_title=&#8221;&#8221; wrap_class=&#8221;no&#8221;][vc_column title=&#8221;&#8221; wap_class=&#8221;&#8221; wap_id=&#8221;&#8221; column_effect=&#8221;bottommove&#8221;][vc_row_inner][vc_column_inner][vc_empty_space height=&#8221;50px&#8221;][\/vc_column_inner][\/vc_row_inner][\/vc_column][\/vc_row][vc_row disable_element=&#8221;yes&#8221; wrap_class=&#8221;no&#8221; css=&#8221;.vc_custom_1553768307914{border-top-width: 100px !important;padding-bottom: 100px !important;background-color: #fafafa !important;}&#8221;][vc_column column_effect=&#8221;bottommove&#8221;][vc_empty_space height=&#8221;100px&#8221;][\/vc_column][\/vc_row]\" \/>\n<meta property=\"og:url\" content=\"https:\/\/iclaim-group.com\/lv\/home\/\" \/>\n<meta property=\"og:site_name\" content=\"iClaim\" \/>\n<meta property=\"article:modified_time\" content=\"2019-08-28T13:51:56+00:00\" \/>\n<meta name=\"twitter:card\" content=\"summary_large_image\" \/>\n<meta name=\"twitter:label1\" content=\"Est. reading time\" \/>\n\t<meta name=\"twitter:data1\" content=\"1 minute\" \/>\n<script type=\"application\/ld+json\" class=\"yoast-schema-graph\">{\"@context\":\"https:\/\/schema.org\",\"@graph\":[{\"@type\":\"WebPage\",\"@id\":\"https:\/\/iclaim-group.com\/lv\/home\/\",\"url\":\"https:\/\/iclaim-group.com\/lv\/home\/\",\"name\":\"S\u0101kums - iClaim\",\"isPartOf\":{\"@id\":\"https:\/\/iclaim-group.com\/#website\"},\"datePublished\":\"2015-07-01T10:10:23+00:00\",\"dateModified\":\"2019-08-28T13:51:56+00:00\",\"breadcrumb\":{\"@id\":\"https:\/\/iclaim-group.com\/lv\/home\/#breadcrumb\"},\"inLanguage\":\"lv-LV\",\"potentialAction\":[{\"@type\":\"ReadAction\",\"target\":[\"https:\/\/iclaim-group.com\/lv\/home\/\"]}]},{\"@type\":\"BreadcrumbList\",\"@id\":\"https:\/\/iclaim-group.com\/lv\/home\/#breadcrumb\",\"itemListElement\":[{\"@type\":\"ListItem\",\"position\":1,\"name\":\"Home\",\"item\":\"https:\/\/iclaim-group.com\/lv\/\"},{\"@type\":\"ListItem\",\"position\":2,\"name\":\"S\u0101kums\"}]},{\"@type\":\"WebSite\",\"@id\":\"https:\/\/iclaim-group.com\/#website\",\"url\":\"https:\/\/iclaim-group.com\/\",\"name\":\"iClaim\",\"description\":\"\",\"potentialAction\":[{\"@type\":\"SearchAction\",\"target\":{\"@type\":\"EntryPoint\",\"urlTemplate\":\"https:\/\/iclaim-group.com\/?s={search_term_string}\"},\"query-input\":\"required name=search_term_string\"}],\"inLanguage\":\"lv-LV\"}]}<\/script>\n<!-- \/ Yoast SEO plugin. -->","yoast_head_json":{"title":"S\u0101kums - iClaim","robots":{"index":"index","follow":"follow","max-snippet":"max-snippet:-1","max-image-preview":"max-image-preview:large","max-video-preview":"max-video-preview:-1"},"canonical":"https:\/\/iclaim-group.com\/lv\/home\/","og_locale":"lv_LV","og_type":"article","og_title":"S\u0101kums - iClaim","og_description":"[vc_row fullwidth=&#8221;yes&#8221; wrap_class=&#8221;no&#8221;][vc_column title=&#8221;&#8221; wap_class=&#8221;&#8221; wap_id=&#8221;&#8221; column_effect=&#8221;bottommove&#8221;][\/vc_column][\/vc_row][vc_row wrap_class=&#8221;no&#8221;][vc_column column_effect=&#8221;bottommove&#8221; css=&#8221;.vc_custom_1557739463841{padding-top: 50px !important;}&#8221;][vc_row_inner][vc_column_inner][vc_empty_space][\/vc_column_inner][\/vc_row_inner][\/vc_column][\/vc_row][vc_row full_width=&#8221;&#8221; parallax=&#8221;&#8221; parallax_image=&#8221;&#8221; ses_sub_title=&#8221;&#8221; ses_title=&#8221;&#8221; wrap_class=&#8221;no&#8221;][vc_column title=&#8221;&#8221; wap_class=&#8221;&#8221; wap_id=&#8221;&#8221; column_effect=&#8221;bottommove&#8221;][vc_row_inner][vc_column_inner][vc_empty_space height=&#8221;50px&#8221;][\/vc_column_inner][\/vc_row_inner][\/vc_column][\/vc_row][vc_row disable_element=&#8221;yes&#8221; wrap_class=&#8221;no&#8221; css=&#8221;.vc_custom_1553768307914{border-top-width: 100px !important;padding-bottom: 100px !important;background-color: #fafafa !important;}&#8221;][vc_column column_effect=&#8221;bottommove&#8221;][vc_empty_space height=&#8221;100px&#8221;][\/vc_column][\/vc_row]","og_url":"https:\/\/iclaim-group.com\/lv\/home\/","og_site_name":"iClaim","article_modified_time":"2019-08-28T13:51:56+00:00","twitter_card":"summary_large_image","twitter_misc":{"Est. reading time":"1 minute"},"schema":{"@context":"https:\/\/schema.org","@graph":[{"@type":"WebPage","@id":"https:\/\/iclaim-group.com\/lv\/home\/","url":"https:\/\/iclaim-group.com\/lv\/home\/","name":"S\u0101kums - iClaim","isPartOf":{"@id":"https:\/\/iclaim-group.com\/#website"},"datePublished":"2015-07-01T10:10:23+00:00","dateModified":"2019-08-28T13:51:56+00:00","breadcrumb":{"@id":"https:\/\/iclaim-group.com\/lv\/home\/#breadcrumb"},"inLanguage":"lv-LV","potentialAction":[{"@type":"ReadAction","target":["https:\/\/iclaim-group.com\/lv\/home\/"]}]},{"@type":"BreadcrumbList","@id":"https:\/\/iclaim-group.com\/lv\/home\/#breadcrumb","itemListElement":[{"@type":"ListItem","position":1,"name":"Home","item":"https:\/\/iclaim-group.com\/lv\/"},{"@type":"ListItem","position":2,"name":"S\u0101kums"}]},{"@type":"WebSite","@id":"https:\/\/iclaim-group.com\/#website","url":"https:\/\/iclaim-group.com\/","name":"iClaim","description":"","potentialAction":[{"@type":"SearchAction","target":{"@type":"EntryPoint","urlTemplate":"https:\/\/iclaim-group.com\/?s={search_term_string}"},"query-input":"required name=search_term_string"}],"inLanguage":"lv-LV"}]}},"_links":{"self":[{"href":"https:\/\/iclaim-group.com\/lv\/wp-json\/wp\/v2\/pages\/2692"}],"collection":[{"href":"https:\/\/iclaim-group.com\/lv\/wp-json\/wp\/v2\/pages"}],"about":[{"href":"https:\/\/iclaim-group.com\/lv\/wp-json\/wp\/v2\/types\/page"}],"author":[{"embeddable":true,"href":"https:\/\/iclaim-group.com\/lv\/wp-json\/wp\/v2\/users\/1"}],"replies":[{"embeddable":true,"href":"https:\/\/iclaim-group.com\/lv\/wp-json\/wp\/v2\/comments?post=2692"}],"version-history":[{"count":7,"href":"https:\/\/iclaim-group.com\/lv\/wp-json\/wp\/v2\/pages\/2692\/revisions"}],"predecessor-version":[{"id":3020,"href":"https:\/\/iclaim-group.com\/lv\/wp-json\/wp\/v2\/pages\/2692\/revisions\/3020"}],"wp:attachment":[{"href":"https:\/\/iclaim-group.com\/lv\/wp-json\/wp\/v2\/media?parent=2692"}],"curies":[{"name":"wp","href":"https:\/\/api.w.org\/{rel}","templated":true}]}}