{"id":2702,"date":"2015-08-21T09:46:17","date_gmt":"2015-08-21T09:46:17","guid":{"rendered":"https:\/\/iclaim.w-i.lt\/apie-mus\/"},"modified":"2019-09-25T10:13:22","modified_gmt":"2019-09-25T07:13:22","slug":"par-mums","status":"publish","type":"page","link":"https:\/\/iclaim-group.com\/lv\/par-mums\/","title":{"rendered":"Par mums"},"content":{"rendered":"<p>[vc_row css=&#8221;.vc_custom_1440062521103{margin-bottom: 60px !important;}&#8221;][vc_column width=&#8221;1\/3&#8243; wap_class=&#8221;&#8221; wap_id=&#8221;&#8221; column_effect=&#8221;bottommove&#8221;][vc_single_image image=&#8221;2519&#8243; img_size=&#8221;full&#8221; alignment=&#8221;center&#8221;][\/vc_column][vc_column width=&#8221;2\/3&#8243; wap_class=&#8221;&#8221; wap_id=&#8221;&#8221; column_effect=&#8221;bottommove&#8221;]<h2 class=\"\" style=\"text-align: left;\">Kas m\u0113s esam<\/h2>[vc_column_text css=&#8221;.vc_custom_1569395596704{margin-right: 10px !important;margin-left: 10px !important;}&#8221; el_class=&#8221;.lead&#8221;]M\u0113s esam starptautiska komp\u0101nija iClaim, kuras galven\u0101 darb\u012bba ir riska un zaud\u0113jumu vad\u012bba. Vair\u0101k par m\u016bsu pakalpojumiem <a href=\"https:\/\/iclaim-group.com\/lv\/paslaugos\/\">atrad\u012bsiet \u0161eit<\/a>.<\/p>\n<p>Fakti:<\/p>\n<ul style=\"color: #62656a;\">\n<li>Dibin\u0101ta 2007. gad\u0101;<\/li>\n<li>Darbojas vis\u0101s Baltijas valst\u012bs \u2013 biroji Vi\u013c\u0146\u0101, R\u012bg\u0101 un Tallin\u0101;<\/li>\n<li>Vair\u0101k nek\u0101 300 p\u0101rst\u0101v\u0113to apdro\u0161in\u0101\u0161anas komp\u0101niju;<\/li>\n<li>iClaim\u00a0kolekt\u012bvu veido apdro\u0161in\u0101\u0161anas, lo\u0123istikas un ties\u012bbu jomas profesion\u0101\u013ci;<\/li>\n<li>Vid\u0113j\u0101 darbinieku darba pieredze zaud\u0113jumu un riska vad\u012bbas jom\u0101 \u2013 15 gadi.<\/li>\n<\/ul>\n<p>PIEZ\u012aME: <em>iClaim<\/em> nav apdro\u0161in\u0101\u0161anas starpnieks, k\u0101 tas defin\u0113ts Eiropas Parlamenta un Padomes 2002. gada 9. decembra Direkt\u012bv\u0101 2002\/92\/EK par apdro\u0161in\u0101\u0161anas starpniec\u012bbu. (OV 2004. g. \u012bpa\u0161ais izdevums, 6. noda\u013ca, 4. s\u0113jums, 330. lpp.).[\/vc_column_text][\/vc_column][\/vc_row]<\/p>\n","protected":false},"excerpt":{"rendered":"<p>[vc_row css=&#8221;.vc_custom_1440062521103{margin-bottom: 60px !important;}&#8221;][vc_column width=&#8221;1\/3&#8243; wap_class=&#8221;&#8221; wap_id=&#8221;&#8221; column_effect=&#8221;bottommove&#8221;][vc_single_image image=&#8221;2519&#8243; img_size=&#8221;full&#8221; alignment=&#8221;center&#8221;][\/vc_column][vc_column width=&#8221;2\/3&#8243; wap_class=&#8221;&#8221; wap_id=&#8221;&#8221; column_effect=&#8221;bottommove&#8221;][vc_column_text css=&#8221;.vc_custom_1569395596704{margin-right: 10px !important;margin-left: 10px !important;}&#8221; el_class=&#8221;.lead&#8221;]M\u0113s esam starptautiska komp\u0101nija iClaim, kuras galven\u0101 darb\u012bba ir riska un zaud\u0113jumu vad\u012bba. Vair\u0101k par m\u016bsu pakalpojumiem atrad\u012bsiet \u0161eit. Fakti: Dibin\u0101ta 2007. gad\u0101; Darbojas vis\u0101s Baltijas valst\u012bs \u2013 biroji Vi\u013c\u0146\u0101, R\u012bg\u0101 un Tallin\u0101; Vair\u0101k nek\u0101 [&hellip;]<\/p>\n","protected":false},"author":1,"featured_media":0,"parent":0,"menu_order":0,"comment_status":"open","ping_status":"open","template":"page-templates\/template-canvas.php","meta":[],"yoast_head":"<!-- This site is optimized with the Yoast SEO plugin v20.8 - https:\/\/yoast.com\/wordpress\/plugins\/seo\/ -->\n<title>Par mums - iClaim<\/title>\n<meta name=\"robots\" content=\"index, follow, max-snippet:-1, max-image-preview:large, max-video-preview:-1\" \/>\n<link rel=\"canonical\" href=\"https:\/\/iclaim-group.com\/lv\/par-mums\/\" \/>\n<meta property=\"og:locale\" content=\"lv_LV\" \/>\n<meta property=\"og:type\" content=\"article\" \/>\n<meta property=\"og:title\" content=\"Par mums - iClaim\" \/>\n<meta property=\"og:description\" content=\"[vc_row css=&#8221;.vc_custom_1440062521103{margin-bottom: 60px !important;}&#8221;][vc_column width=&#8221;1\/3&#8243; wap_class=&#8221;&#8221; wap_id=&#8221;&#8221; column_effect=&#8221;bottommove&#8221;][vc_single_image image=&#8221;2519&#8243; img_size=&#8221;full&#8221; alignment=&#8221;center&#8221;][\/vc_column][vc_column width=&#8221;2\/3&#8243; wap_class=&#8221;&#8221; wap_id=&#8221;&#8221; column_effect=&#8221;bottommove&#8221;][vc_column_text css=&#8221;.vc_custom_1569395596704{margin-right: 10px !important;margin-left: 10px !important;}&#8221; el_class=&#8221;.lead&#8221;]M\u0113s esam starptautiska komp\u0101nija iClaim, kuras galven\u0101 darb\u012bba ir riska un zaud\u0113jumu vad\u012bba. Vair\u0101k par m\u016bsu pakalpojumiem atrad\u012bsiet \u0161eit. Fakti: Dibin\u0101ta 2007. gad\u0101; Darbojas vis\u0101s Baltijas valst\u012bs \u2013 biroji Vi\u013c\u0146\u0101, R\u012bg\u0101 un Tallin\u0101; Vair\u0101k nek\u0101 [&hellip;]\" \/>\n<meta property=\"og:url\" content=\"https:\/\/iclaim-group.com\/lv\/par-mums\/\" \/>\n<meta property=\"og:site_name\" content=\"iClaim\" \/>\n<meta property=\"article:modified_time\" content=\"2019-09-25T07:13:22+00:00\" \/>\n<meta name=\"twitter:card\" content=\"summary_large_image\" \/>\n<meta name=\"twitter:label1\" content=\"Est. reading time\" \/>\n\t<meta name=\"twitter:data1\" content=\"1 minute\" \/>\n<script type=\"application\/ld+json\" class=\"yoast-schema-graph\">{\"@context\":\"https:\/\/schema.org\",\"@graph\":[{\"@type\":\"WebPage\",\"@id\":\"https:\/\/iclaim-group.com\/lv\/par-mums\/\",\"url\":\"https:\/\/iclaim-group.com\/lv\/par-mums\/\",\"name\":\"Par mums - iClaim\",\"isPartOf\":{\"@id\":\"https:\/\/iclaim-group.com\/#website\"},\"datePublished\":\"2015-08-21T09:46:17+00:00\",\"dateModified\":\"2019-09-25T07:13:22+00:00\",\"breadcrumb\":{\"@id\":\"https:\/\/iclaim-group.com\/lv\/par-mums\/#breadcrumb\"},\"inLanguage\":\"lv-LV\",\"potentialAction\":[{\"@type\":\"ReadAction\",\"target\":[\"https:\/\/iclaim-group.com\/lv\/par-mums\/\"]}]},{\"@type\":\"BreadcrumbList\",\"@id\":\"https:\/\/iclaim-group.com\/lv\/par-mums\/#breadcrumb\",\"itemListElement\":[{\"@type\":\"ListItem\",\"position\":1,\"name\":\"Home\",\"item\":\"https:\/\/iclaim-group.com\/lv\/\"},{\"@type\":\"ListItem\",\"position\":2,\"name\":\"Par mums\"}]},{\"@type\":\"WebSite\",\"@id\":\"https:\/\/iclaim-group.com\/#website\",\"url\":\"https:\/\/iclaim-group.com\/\",\"name\":\"iClaim\",\"description\":\"\",\"potentialAction\":[{\"@type\":\"SearchAction\",\"target\":{\"@type\":\"EntryPoint\",\"urlTemplate\":\"https:\/\/iclaim-group.com\/?s={search_term_string}\"},\"query-input\":\"required name=search_term_string\"}],\"inLanguage\":\"lv-LV\"}]}<\/script>\n<!-- \/ Yoast SEO plugin. -->","yoast_head_json":{"title":"Par mums - iClaim","robots":{"index":"index","follow":"follow","max-snippet":"max-snippet:-1","max-image-preview":"max-image-preview:large","max-video-preview":"max-video-preview:-1"},"canonical":"https:\/\/iclaim-group.com\/lv\/par-mums\/","og_locale":"lv_LV","og_type":"article","og_title":"Par mums - iClaim","og_description":"[vc_row css=&#8221;.vc_custom_1440062521103{margin-bottom: 60px !important;}&#8221;][vc_column width=&#8221;1\/3&#8243; wap_class=&#8221;&#8221; wap_id=&#8221;&#8221; column_effect=&#8221;bottommove&#8221;][vc_single_image image=&#8221;2519&#8243; img_size=&#8221;full&#8221; alignment=&#8221;center&#8221;][\/vc_column][vc_column width=&#8221;2\/3&#8243; wap_class=&#8221;&#8221; wap_id=&#8221;&#8221; column_effect=&#8221;bottommove&#8221;][vc_column_text css=&#8221;.vc_custom_1569395596704{margin-right: 10px !important;margin-left: 10px !important;}&#8221; el_class=&#8221;.lead&#8221;]M\u0113s esam starptautiska komp\u0101nija iClaim, kuras galven\u0101 darb\u012bba ir riska un zaud\u0113jumu vad\u012bba. Vair\u0101k par m\u016bsu pakalpojumiem atrad\u012bsiet \u0161eit. Fakti: Dibin\u0101ta 2007. gad\u0101; Darbojas vis\u0101s Baltijas valst\u012bs \u2013 biroji Vi\u013c\u0146\u0101, R\u012bg\u0101 un Tallin\u0101; Vair\u0101k nek\u0101 [&hellip;]","og_url":"https:\/\/iclaim-group.com\/lv\/par-mums\/","og_site_name":"iClaim","article_modified_time":"2019-09-25T07:13:22+00:00","twitter_card":"summary_large_image","twitter_misc":{"Est. reading time":"1 minute"},"schema":{"@context":"https:\/\/schema.org","@graph":[{"@type":"WebPage","@id":"https:\/\/iclaim-group.com\/lv\/par-mums\/","url":"https:\/\/iclaim-group.com\/lv\/par-mums\/","name":"Par mums - iClaim","isPartOf":{"@id":"https:\/\/iclaim-group.com\/#website"},"datePublished":"2015-08-21T09:46:17+00:00","dateModified":"2019-09-25T07:13:22+00:00","breadcrumb":{"@id":"https:\/\/iclaim-group.com\/lv\/par-mums\/#breadcrumb"},"inLanguage":"lv-LV","potentialAction":[{"@type":"ReadAction","target":["https:\/\/iclaim-group.com\/lv\/par-mums\/"]}]},{"@type":"BreadcrumbList","@id":"https:\/\/iclaim-group.com\/lv\/par-mums\/#breadcrumb","itemListElement":[{"@type":"ListItem","position":1,"name":"Home","item":"https:\/\/iclaim-group.com\/lv\/"},{"@type":"ListItem","position":2,"name":"Par mums"}]},{"@type":"WebSite","@id":"https:\/\/iclaim-group.com\/#website","url":"https:\/\/iclaim-group.com\/","name":"iClaim","description":"","potentialAction":[{"@type":"SearchAction","target":{"@type":"EntryPoint","urlTemplate":"https:\/\/iclaim-group.com\/?s={search_term_string}"},"query-input":"required name=search_term_string"}],"inLanguage":"lv-LV"}]}},"_links":{"self":[{"href":"https:\/\/iclaim-group.com\/lv\/wp-json\/wp\/v2\/pages\/2702"}],"collection":[{"href":"https:\/\/iclaim-group.com\/lv\/wp-json\/wp\/v2\/pages"}],"about":[{"href":"https:\/\/iclaim-group.com\/lv\/wp-json\/wp\/v2\/types\/page"}],"author":[{"embeddable":true,"href":"https:\/\/iclaim-group.com\/lv\/wp-json\/wp\/v2\/users\/1"}],"replies":[{"embeddable":true,"href":"https:\/\/iclaim-group.com\/lv\/wp-json\/wp\/v2\/comments?post=2702"}],"version-history":[{"count":13,"href":"https:\/\/iclaim-group.com\/lv\/wp-json\/wp\/v2\/pages\/2702\/revisions"}],"predecessor-version":[{"id":3184,"href":"https:\/\/iclaim-group.com\/lv\/wp-json\/wp\/v2\/pages\/2702\/revisions\/3184"}],"wp:attachment":[{"href":"https:\/\/iclaim-group.com\/lv\/wp-json\/wp\/v2\/media?parent=2702"}],"curies":[{"name":"wp","href":"https:\/\/api.w.org\/{rel}","templated":true}]}}