{"id":2705,"date":"2019-05-14T07:40:56","date_gmt":"2019-05-14T07:40:56","guid":{"rendered":"https:\/\/iclaim.w-i.lt\/paslaugos\/"},"modified":"2019-09-16T15:01:12","modified_gmt":"2019-09-16T12:01:12","slug":"pakolpojumi","status":"publish","type":"page","link":"https:\/\/iclaim-group.com\/lv\/pakolpojumi\/","title":{"rendered":"Pakalpojumi"},"content":{"rendered":"<p>[vc_row css=&#8221;.vc_custom_1562088544052{margin-top: 0px !important;}&#8221;][vc_column width=&#8221;1\/3&#8243; css=&#8221;.vc_custom_1562090771529{margin-right: 10px !important;margin-left: 10px !important;}&#8221;]  \n\t<div class=\"feature-box\">\n\t<i class=\"feature-icon fa fa-fas fa-car-crash\"><\/i> \n\t<h3>Zaud\u0113jumu administr\u0113\u0161ana<\/h3>\t<p><\/p>\n<ul>\n<li>Transportl\u012bdzek\u013cu \u012bpa\u0161nieku civiltiesisk\u0101s atbild\u012bbas apdro\u0161in\u0101\u0161anas (za\u013c\u0101s kartes) un Ceturt\u0101s direkt\u012bvas par meh\u0101nisko transportl\u012bdzek\u013cu apdro\u0161in\u0101\u0161anu pilna starptautisko kait\u0113jumu administr\u0113\u0161ana un apdro\u0161in\u0101\u0161anas atl\u012bdz\u012bbas izmaks\u0101\u0161ana;<\/li>\n<li>Kait\u0113jumu automobilim (KASKO) administr\u0113\u0161ana un atl\u012bdz\u012bbas izmaks\u0101\u0161ana;<\/li>\n<li>\u012apa\u0161uma un civiltiesisk\u0101s atbild\u012bbas kait\u0113jumu administr\u0113\u0161ana;<\/li>\n<li>P\u0101rvad\u0101t\u0101ja civiltiesisk\u0101s atbild\u012bbas kait\u0113jumu administr\u0113\u0161ana;<\/li>\n<li>Personas kait\u0113jumu administr\u0113\u0161ana;<\/li>\n<li>Ekspertu pie\u0161\u0137ir\u0161ana un koordin\u0113\u0161ana;<\/li>\n<li>Faktu izp\u0113te;<\/li>\n<li>Apdro\u0161in\u0101\u0161anas kr\u0101p\u0161ana: identifik\u0101cija un nov\u0113r\u0161ana;<\/li>\n<li>Tiesiskie pakalpojumi riska vad\u012bbas jom\u0101.<\/li>\n<\/ul>\n<p><\/p>\t<\/div>\n[\/vc_column][vc_column width=&#8221;1\/3&#8243; css=&#8221;.vc_custom_1562090777994{margin-right: 10px !important;margin-left: 10px !important;}&#8221;]  \n\t<div class=\"feature-box\">\n\t<i class=\"feature-icon fa fa-fas fa-boxes\"><\/i> \n\t<h3>Kravu apskates<\/h3>\t<p><\/p>\n<ul>\n<li>Kravai nodar\u012bto zaud\u0113jumu un par tiem atbild\u012bgo personu noteik\u0161ana;<\/li>\n<li>P\u0101rbaudes pirms kravas iekrau\u0161anas un izkrau\u0161anas;<\/li>\n<li>Kravas p\u0101rbaude pirms izs\u016bt\u012b\u0161anas;<\/li>\n<li>Kravu kvalit\u0101tes p\u0101rbaude;<\/li>\n<li>Nodar\u012bt\u0101 kait\u0113juma p\u0113c transport\u0113\u0161anas un finansi\u0101lo zaud\u0113jumu nov\u0113rt\u0113\u0161ana;<\/li>\n<li>P\u0101rrunas, lai ieg\u016btu garantiju, kas segtu prelimin\u0101ros kravas zaud\u0113jumus;<\/li>\n<li>Zaud\u0113jumu nov\u0113rt\u0113\u0161ana un nov\u0113r\u0161ana.<\/li>\n<\/ul>\n<p><\/p>\t<\/div>\n[\/vc_column][vc_column width=&#8221;1\/3&#8243; css=&#8221;.vc_custom_1562090784619{margin-right: 10px !important;margin-left: 10px !important;}&#8221;]  \n\t<div class=\"feature-box\">\n\t<i class=\"feature-icon fa fa-fas fa-search-dollar\"><\/i> \n\t<h3>Regress<\/h3>\t<p><\/p>\n<ul>\n<li>Apdro\u0161in\u0101t\u0101ja izmaks\u0101t\u0101s apdro\u0161in\u0101\u0161anas atl\u012bdz\u012bbas atg\u016b\u0161ana no person\u0101m, kas veiku\u0161as zaud\u0113jumu;<\/li>\n<li>Ekspeditoru vai citu personu izmaks\u0101to summu atg\u016b\u0161ana no person\u0101m, kas veiku\u0161as zaud\u0113jumu.<\/li>\n<\/ul>\n<p><\/p>\t<\/div>\n[\/vc_column][\/vc_row]<\/p>\n","protected":false},"excerpt":{"rendered":"<p>[vc_row css=&#8221;.vc_custom_1562088544052{margin-top: 0px !important;}&#8221;][vc_column width=&#8221;1\/3&#8243; css=&#8221;.vc_custom_1562090771529{margin-right: 10px !important;margin-left: 10px !important;}&#8221;][\/vc_column][vc_column width=&#8221;1\/3&#8243; css=&#8221;.vc_custom_1562090777994{margin-right: 10px !important;margin-left: 10px !important;}&#8221;][\/vc_column][vc_column width=&#8221;1\/3&#8243; css=&#8221;.vc_custom_1562090784619{margin-right: 10px !important;margin-left: 10px !important;}&#8221;][\/vc_column][\/vc_row]<\/p>\n","protected":false},"author":1,"featured_media":0,"parent":0,"menu_order":0,"comment_status":"open","ping_status":"open","template":"page-templates\/template-canvas.php","meta":[],"yoast_head":"<!-- This site is optimized with the Yoast SEO plugin v20.8 - https:\/\/yoast.com\/wordpress\/plugins\/seo\/ -->\n<title>Pakalpojumi - iClaim<\/title>\n<meta name=\"robots\" content=\"index, follow, max-snippet:-1, max-image-preview:large, max-video-preview:-1\" \/>\n<link rel=\"canonical\" href=\"https:\/\/iclaim-group.com\/lv\/pakolpojumi\/\" \/>\n<meta property=\"og:locale\" content=\"lv_LV\" \/>\n<meta property=\"og:type\" content=\"article\" \/>\n<meta property=\"og:title\" content=\"Pakalpojumi - iClaim\" \/>\n<meta property=\"og:description\" content=\"[vc_row css=&#8221;.vc_custom_1562088544052{margin-top: 0px !important;}&#8221;][vc_column width=&#8221;1\/3&#8243; css=&#8221;.vc_custom_1562090771529{margin-right: 10px !important;margin-left: 10px !important;}&#8221;][\/vc_column][vc_column width=&#8221;1\/3&#8243; css=&#8221;.vc_custom_1562090777994{margin-right: 10px !important;margin-left: 10px !important;}&#8221;][\/vc_column][vc_column width=&#8221;1\/3&#8243; css=&#8221;.vc_custom_1562090784619{margin-right: 10px !important;margin-left: 10px !important;}&#8221;][\/vc_column][\/vc_row]\" \/>\n<meta property=\"og:url\" content=\"https:\/\/iclaim-group.com\/lv\/pakolpojumi\/\" \/>\n<meta property=\"og:site_name\" content=\"iClaim\" \/>\n<meta property=\"article:modified_time\" content=\"2019-09-16T12:01:12+00:00\" \/>\n<meta name=\"twitter:card\" content=\"summary_large_image\" \/>\n<meta name=\"twitter:label1\" content=\"Est. reading time\" \/>\n\t<meta name=\"twitter:data1\" content=\"2 minutes\" \/>\n<script type=\"application\/ld+json\" class=\"yoast-schema-graph\">{\"@context\":\"https:\/\/schema.org\",\"@graph\":[{\"@type\":\"WebPage\",\"@id\":\"https:\/\/iclaim-group.com\/lv\/pakolpojumi\/\",\"url\":\"https:\/\/iclaim-group.com\/lv\/pakolpojumi\/\",\"name\":\"Pakalpojumi - iClaim\",\"isPartOf\":{\"@id\":\"https:\/\/iclaim-group.com\/#website\"},\"datePublished\":\"2019-05-14T07:40:56+00:00\",\"dateModified\":\"2019-09-16T12:01:12+00:00\",\"breadcrumb\":{\"@id\":\"https:\/\/iclaim-group.com\/lv\/pakolpojumi\/#breadcrumb\"},\"inLanguage\":\"lv-LV\",\"potentialAction\":[{\"@type\":\"ReadAction\",\"target\":[\"https:\/\/iclaim-group.com\/lv\/pakolpojumi\/\"]}]},{\"@type\":\"BreadcrumbList\",\"@id\":\"https:\/\/iclaim-group.com\/lv\/pakolpojumi\/#breadcrumb\",\"itemListElement\":[{\"@type\":\"ListItem\",\"position\":1,\"name\":\"Home\",\"item\":\"https:\/\/iclaim-group.com\/lv\/\"},{\"@type\":\"ListItem\",\"position\":2,\"name\":\"Pakalpojumi\"}]},{\"@type\":\"WebSite\",\"@id\":\"https:\/\/iclaim-group.com\/#website\",\"url\":\"https:\/\/iclaim-group.com\/\",\"name\":\"iClaim\",\"description\":\"\",\"potentialAction\":[{\"@type\":\"SearchAction\",\"target\":{\"@type\":\"EntryPoint\",\"urlTemplate\":\"https:\/\/iclaim-group.com\/?s={search_term_string}\"},\"query-input\":\"required name=search_term_string\"}],\"inLanguage\":\"lv-LV\"}]}<\/script>\n<!-- \/ Yoast SEO plugin. -->","yoast_head_json":{"title":"Pakalpojumi - iClaim","robots":{"index":"index","follow":"follow","max-snippet":"max-snippet:-1","max-image-preview":"max-image-preview:large","max-video-preview":"max-video-preview:-1"},"canonical":"https:\/\/iclaim-group.com\/lv\/pakolpojumi\/","og_locale":"lv_LV","og_type":"article","og_title":"Pakalpojumi - iClaim","og_description":"[vc_row css=&#8221;.vc_custom_1562088544052{margin-top: 0px !important;}&#8221;][vc_column width=&#8221;1\/3&#8243; css=&#8221;.vc_custom_1562090771529{margin-right: 10px !important;margin-left: 10px !important;}&#8221;][\/vc_column][vc_column width=&#8221;1\/3&#8243; css=&#8221;.vc_custom_1562090777994{margin-right: 10px !important;margin-left: 10px !important;}&#8221;][\/vc_column][vc_column width=&#8221;1\/3&#8243; css=&#8221;.vc_custom_1562090784619{margin-right: 10px !important;margin-left: 10px !important;}&#8221;][\/vc_column][\/vc_row]","og_url":"https:\/\/iclaim-group.com\/lv\/pakolpojumi\/","og_site_name":"iClaim","article_modified_time":"2019-09-16T12:01:12+00:00","twitter_card":"summary_large_image","twitter_misc":{"Est. reading time":"2 minutes"},"schema":{"@context":"https:\/\/schema.org","@graph":[{"@type":"WebPage","@id":"https:\/\/iclaim-group.com\/lv\/pakolpojumi\/","url":"https:\/\/iclaim-group.com\/lv\/pakolpojumi\/","name":"Pakalpojumi - iClaim","isPartOf":{"@id":"https:\/\/iclaim-group.com\/#website"},"datePublished":"2019-05-14T07:40:56+00:00","dateModified":"2019-09-16T12:01:12+00:00","breadcrumb":{"@id":"https:\/\/iclaim-group.com\/lv\/pakolpojumi\/#breadcrumb"},"inLanguage":"lv-LV","potentialAction":[{"@type":"ReadAction","target":["https:\/\/iclaim-group.com\/lv\/pakolpojumi\/"]}]},{"@type":"BreadcrumbList","@id":"https:\/\/iclaim-group.com\/lv\/pakolpojumi\/#breadcrumb","itemListElement":[{"@type":"ListItem","position":1,"name":"Home","item":"https:\/\/iclaim-group.com\/lv\/"},{"@type":"ListItem","position":2,"name":"Pakalpojumi"}]},{"@type":"WebSite","@id":"https:\/\/iclaim-group.com\/#website","url":"https:\/\/iclaim-group.com\/","name":"iClaim","description":"","potentialAction":[{"@type":"SearchAction","target":{"@type":"EntryPoint","urlTemplate":"https:\/\/iclaim-group.com\/?s={search_term_string}"},"query-input":"required name=search_term_string"}],"inLanguage":"lv-LV"}]}},"_links":{"self":[{"href":"https:\/\/iclaim-group.com\/lv\/wp-json\/wp\/v2\/pages\/2705"}],"collection":[{"href":"https:\/\/iclaim-group.com\/lv\/wp-json\/wp\/v2\/pages"}],"about":[{"href":"https:\/\/iclaim-group.com\/lv\/wp-json\/wp\/v2\/types\/page"}],"author":[{"embeddable":true,"href":"https:\/\/iclaim-group.com\/lv\/wp-json\/wp\/v2\/users\/1"}],"replies":[{"embeddable":true,"href":"https:\/\/iclaim-group.com\/lv\/wp-json\/wp\/v2\/comments?post=2705"}],"version-history":[{"count":6,"href":"https:\/\/iclaim-group.com\/lv\/wp-json\/wp\/v2\/pages\/2705\/revisions"}],"predecessor-version":[{"id":3155,"href":"https:\/\/iclaim-group.com\/lv\/wp-json\/wp\/v2\/pages\/2705\/revisions\/3155"}],"wp:attachment":[{"href":"https:\/\/iclaim-group.com\/lv\/wp-json\/wp\/v2\/media?parent=2705"}],"curies":[{"name":"wp","href":"https:\/\/api.w.org\/{rel}","templated":true}]}}