{"id":2710,"date":"2015-07-01T09:09:24","date_gmt":"2015-07-01T09:09:24","guid":{"rendered":"https:\/\/iclaim.w-i.lt\/duk\/"},"modified":"2019-09-25T13:45:49","modified_gmt":"2019-09-25T10:45:49","slug":"buj","status":"publish","type":"page","link":"https:\/\/iclaim-group.com\/lv\/buj\/","title":{"rendered":"B.U.J."},"content":{"rendered":"<p>[vc_row extra_id=&#8221;bendri-klausimai&#8221; wrap_class=&#8221;no&#8221;][vc_column width=&#8221;1\/4&#8243; title=&#8221;&#8221; wap_class=&#8221;&#8221; wap_id=&#8221;&#8221; column_effect=&#8221;bottommove&#8221;][vc_column_text]<\/p>\n<div id=\"leftCol\" class=\"nav-sidebar\">\n<div id=\"sidebar\" class=\"hide-side\">\n<ul id=\"sidebar\" class=\"nav\">\n<li><a class=\"\" href=\"#bendri-klausimai\">Visp\u0101r\u012bgie jaut\u0101jumi<\/a><\/li>\n<li><a href=\"#row2\">Jaut\u0101jumi par iesniedzamajiem dokumentiem<\/a><\/li>\n<li><a href=\"#row3\">Jaut\u0101jumi par apdro\u0161in\u0101\u0161anas atl\u012bdz\u012bbu<\/a><\/li>\n<\/ul>\n<div class=\"grey-box promo-grey-box\">\n<p><a class=\"btn tp-btn tp-btn-orange\" href=\"\/pazinojums-par-celu-satiksmes-nagadijumu\/\">Re\u0123istr\u0113t zaud\u0113jumu<\/a><\/p>\n<\/div>\n<\/div>\n<\/div>\n<p>[\/vc_column_text][\/vc_column][vc_column width=&#8221;3\/4&#8243; title=&#8221;&#8221; column_effect=&#8221;bottommove&#8221; css=&#8221;.vc_custom_1562089196822{margin-right: 10px !important;margin-left: 10px !important;padding-top: 20px !important;}&#8221;][vc_row_inner][vc_column_inner css=&#8221;.vc_custom_1562089356728{margin-right: 10px !important;}&#8221;]<h2 class=\"\" style=\"text-align: left;\">1. K\u0101 varu uzzin\u0101t, kas p\u0101rst\u0101v izrais\u012bt\u0101ja apdro\u0161in\u0101\u0161anas sabiedr\u012bbu Latvij\u0101?<\/h2>[vc_column_text]ATBILDE: \u0101rvalst\u012b re\u0123istr\u0113tas apdro\u0161in\u0101\u0161anas sabiedr\u012bbas p\u0101rst\u0101vi, kas atbild\u012bgs par kait\u0113juma atl\u012bdzin\u0101\u0161anu, varat uzzin\u0101t vietn\u0113 <a href=\"https:\/\/www.ltab.lv\/\" target=\"_blank\" rel=\"noopener noreferrer\">www.ltab.lv<\/a>.[\/vc_column_text][\/vc_column_inner][\/vc_row_inner][vc_row_inner el_id=&#8221;kokias-zalas&#8221;][vc_column_inner]<h2 class=\"\" style=\"text-align: left;\">2. K\u0101dus ce\u013cu satiksmes negad\u012bjumu zaud\u0113jumus administr\u0113 iClaim?<\/h2>[vc_column_text css=&#8221;.vc_custom_1568750431184{margin-right: 10px !important;}&#8221;]ATBILDE: iClaim \u0101rvalstu apdro\u0161in\u0101t\u0101ju v\u0101rd\u0101 administr\u0113 un izmaks\u0101 apdro\u0161in\u0101\u0161anas atl\u012bdz\u012bbu par ce\u013cu satiksmes negad\u012bjumu, kas noticis Latvijas Republikas teritorij\u0101 un Eiropas Ekonomikas zonas valst\u012bs.<\/p>\n<p>PIEZ\u012aME: par ce\u013cu satiksmes negad\u012bjumiem, kas notiku\u0161i \u0101rpus Latvijas, apdro\u0161in\u0101\u0161anas atl\u012bdz\u012bba tiek izmaks\u0101ta tikai p\u0113c tam, kad iClaim p\u0101rst\u0101v\u0113tais apdro\u0161in\u0101t\u0101js apstiprina ce\u013cu satiksmes negad\u012bjuma izrais\u012bt\u0101ja apdro\u0161in\u0101\u0161anas polises seguma sp\u0113k\u0101 esam\u012bbu, atbild\u012bbu par negad\u012bjumu un zaud\u0113juma apm\u0113ru.[\/vc_column_text][\/vc_column_inner][\/vc_row_inner][vc_row_inner][vc_column_inner]<h2 class=\"\" style=\"text-align: left;\">3. Izrais\u012bt\u0101ja apdro\u0161in\u0101\u0161anas sabiedr\u012bbu Latvij\u0101 p\u0101rst\u0101v iClaim. Kur v\u0113rsties par zaud\u0113jumu atl\u012bdz\u012bbu?<\/h2>[vc_column_text css=&#8221;.vc_custom_1569395897966{margin-right: 10px !important;}&#8221;]ATBILDE: visi zaud\u0113jumi par ce\u013cu satiksmes negad\u012bjumiem tiek re\u0123istr\u0113ti <span style=\"text-decoration: underline;\">tikai internet\u0101<\/span> \u2013 jebkur\u0101 \u0161\u012bs vietnes lap\u0101 nospiediet saiti <a href=\"https:\/\/iclaim-group.com\/lv\/pazinojums-par-celu-satiksmes-nagadijumu\/\">\u201e<span style=\"text-decoration: underline;\">Re\u0123istr\u0113t zaud\u0113jumu<\/span>\u201c<\/a>,\u00a0aizpildiet anketu, pievienojiet piepras\u012btos dokumentus un nospiediet \u201eS\u016bt\u012bt\u201c.[\/vc_column_text][\/vc_column_inner][\/vc_row_inner][\/vc_column][\/vc_row][vc_row extra_id=&#8221;row2&#8243;][vc_column width=&#8221;1\/4&#8243;][\/vc_column][vc_column width=&#8221;3\/4&#8243; css=&#8221;.vc_custom_1562089733157{margin-left: 10px !important;}&#8221;][vc_row_inner][vc_column_inner]<h2 class=\"\" style=\"text-align: left;\">4. K\u0101di dokumenti man ir j\u0101iesniedz zaud\u0113juma re\u0123istr\u0113\u0161anai?<\/h2>[vc_column_text css=&#8221;.vc_custom_1568635564027{margin-right: 10px !important;}&#8221;]ATBILDE: zaud\u0113juma re\u0123istr\u0113\u0161anai un t\u0101s operat\u012bvai administr\u0113\u0161anai l\u016bdzam uzreiz pievienot aktu\u0101los dokumentus, ja jums tie ir:<\/p>\n<ul>\n<li><u>Saska\u0146oto<\/u> pazi\u0146ojumu vai policijas izzi\u0146u;<\/li>\n<li>Transportl\u012bdzek\u013ca re\u0123istr\u0101cijas apliec\u012bbu;<\/li>\n<li>Autovad\u012bt\u0101ja apliec\u012bbu;<\/li>\n<li>Transportl\u012bdzek\u013ca boj\u0101jumu fotogr\u0101fijas;<\/li>\n<li>Ce\u013cu satiksmes vietas un ciesto boj\u0101jumu fotogr\u0101fijas;<\/li>\n<li>Dokumentus, kas apstiprina kait\u0113juma apm\u0113ru (ja ir);<\/li>\n<li>Pilnvaru (kad par zaud\u0113jumu pazi\u0146o pilnvarot\u0101 persona).<\/li>\n<\/ul>\n<p>PIEZ\u012aME: tas nav piln\u012bgs iesniedzamo dokumentu saraksts, t\u0101p\u0113c zaud\u0113juma administr\u0113\u0161anas gait\u0101 var rasties vajadz\u012bba iesniegt ar\u012b citus dokumentus.[\/vc_column_text][\/vc_column_inner][\/vc_row_inner][vc_row_inner][vc_column_inner]<h2 class=\"\" style=\"text-align: left;\">5. K\u0101di dokumenti apstiprina zaud\u0113juma apm\u0113ru?<\/h2>[vc_column_text]ATBILDE: atkar\u012bb\u0101 no situ\u0101cijas, zaud\u0113juma apm\u0113ru var apstiprin\u0101t r\u0113\u0137ini, remontdarbu t\u0101mes (saska\u0146otas ar m\u016bsu ekspertiem), remontdarbu r\u0113\u0137ini, neatkar\u012bgo ekspertu, \u0101rstu sl\u0113dzieni vai citi dokumenti.<\/p>\n<p>PIEZ\u012aME: iepriek\u0161 iesniegto dokumentu saraksts ir tikai orient\u0113jo\u0161s, t\u0101p\u0113c katrs gad\u012bjums tiek risin\u0101ts individu\u0101li.[\/vc_column_text][\/vc_column_inner][\/vc_row_inner][vc_row_inner][vc_column_inner]<h2 class=\"\" style=\"text-align: left;\">6. Ce\u013cu satiksmes negad\u012bjums noticis \u0101rzem\u0113s, bet man nav nedz policijas izzi\u0146as, nedz saska\u0146ot\u0101 pazi\u0146ojuma. Vai t\u0101d\u0101 gad\u012bjum\u0101 zaud\u0113jums man tiks atl\u012bdzin\u0101ts?<\/h2>[vc_column_text]ATBILDE: diem\u017e\u0113l t\u0101d\u0101 gad\u012bjum\u0101 j\u016bsu ciesto zaud\u0113jumu nevar\u0113sim atl\u012bdzin\u0101t.<\/p>\n<p>Tom\u0113r, sa\u0146emot no jums policijas izzi\u0146u vai citu dokumentu, kas pier\u0101da, ka esat nevis ce\u013cu satiksmes negad\u012bjuma izrais\u012bt\u0101js, bet cietus\u012b persona, atjaunosim zaud\u0113juma administr\u0113\u0161anu (ja neb\u016bs nokav\u0113ts termi\u0146\u0161 pretenzijas iesnieg\u0161anai).[\/vc_column_text][\/vc_column_inner][\/vc_row_inner][\/vc_column][\/vc_row][vc_row extra_id=&#8221;row3&#8243;][vc_column width=&#8221;1\/4&#8243;][\/vc_column][vc_column width=&#8221;3\/4&#8243; css=&#8221;.vc_custom_1562089968286{margin-right: 10px !important;margin-left: 10px !important;}&#8221;][vc_row_inner][vc_column_inner]<h2 class=\"\" style=\"text-align: left;\">7. Kam ir ties\u012bbas sa\u0146emt apdro\u0161in\u0101\u0161anas atl\u012bdz\u012bbu?<\/h2>[vc_column_text]ATBILDE: ties\u012bbas uz apdro\u0161in\u0101\u0161anas atl\u012bdz\u012bbu ir tikai personai, kas cietusi zaud\u0113jumu:<\/p>\n<ul>\n<li>\u012bpa\u0161uma saboj\u0101\u0161anas\/izn\u012bcin\u0101\u0161anas gad\u012bjum\u0101 \u2013 \u012bpa\u0161uma \u012bpa\u0161nieks;<\/li>\n<li>kait\u0113juma vesel\u012bbai gad\u012bjum\u0101 \u2013 ievainot\u0101 persona;<\/li>\n<li>citu zaud\u0113jumu gad\u012bjum\u0101 \u2013 zaud\u0113jumu cietus\u012b persona.<\/li>\n<\/ul>\n<p>Apdro\u0161in\u0101\u0161anas atl\u012bdz\u012bba tiek izmaks\u0101ta citai personai tikai tad, ja ir zaud\u0113jumu cietu\u0161\u0101s personas rakstveida l\u016bgums.[\/vc_column_text][\/vc_column_inner][\/vc_row_inner][vc_row_inner][vc_column_inner]<h2 class=\"\" style=\"text-align: left;\">8. Cik ilg\u0101 laik\u0101 tiek izmaks\u0101ta apdro\u0161in\u0101\u0161anas atl\u012bdz\u012bba vai sniegta atbilde uz sa\u0146emto pretenziju?<\/h2>[vc_column_text]ATBILDE:<\/p>\n<ul>\n<li>Ja ce\u013cu satiksmes negad\u012bjums noticis Latvij\u0101, apdro\u0161in\u0101\u0161anas atl\u012bdz\u012bba tiek izmaks\u0101ta 30 dienu laik\u0101 no visu nepiecie\u0161amo dokumentu iesnieg\u0161anas dienas;<\/li>\n<li>Ja ce\u013cu satiksmes negad\u012bjums noticis \u0101rpus Latvijas, motiv\u0113tajai atbildei par apdro\u0161in\u0101\u0161anas atl\u012bdz\u012bbas izmaksu j\u0101b\u016bt sniegtai 3 m\u0113ne\u0161u laik\u0101 no pretenzijas sa\u0146em\u0161anas dienas.<\/li>\n<\/ul>\n<p>[\/vc_column_text][\/vc_column_inner][\/vc_row_inner][vc_row_inner][vc_column_inner]<h2 class=\"\" style=\"text-align: left;\">9. Ko dar\u012bt, ja es nepiekr\u012btu apdro\u0161in\u0101\u0161anas atl\u012bdz\u012bbai?<\/h2>[vc_column_text]ATBILDE: ja j\u016bs neapmierina izmaks\u0101t\u0101 apdro\u0161in\u0101\u0161anas atl\u012bdz\u012bba, jums ir ties\u012bbas v\u0113rsties ties\u0101.[\/vc_column_text][\/vc_column_inner][\/vc_row_inner][\/vc_column][\/vc_row][vc_row][vc_column][vc_empty_space height=&#8221;5px&#8221;][\/vc_column][\/vc_row]<\/p>\n","protected":false},"excerpt":{"rendered":"<p>[vc_row extra_id=&#8221;bendri-klausimai&#8221; wrap_class=&#8221;no&#8221;][vc_column width=&#8221;1\/4&#8243; title=&#8221;&#8221; wap_class=&#8221;&#8221; wap_id=&#8221;&#8221; column_effect=&#8221;bottommove&#8221;][vc_column_text] Visp\u0101r\u012bgie jaut\u0101jumi Jaut\u0101jumi par iesniedzamajiem dokumentiem Jaut\u0101jumi par apdro\u0161in\u0101\u0161anas atl\u012bdz\u012bbu Re\u0123istr\u0113t zaud\u0113jumu [\/vc_column_text][\/vc_column][vc_column width=&#8221;3\/4&#8243; title=&#8221;&#8221; column_effect=&#8221;bottommove&#8221; css=&#8221;.vc_custom_1562089196822{margin-right: 10px !important;margin-left: 10px !important;padding-top: 20px !important;}&#8221;][vc_row_inner][vc_column_inner css=&#8221;.vc_custom_1562089356728{margin-right: 10px !important;}&#8221;][vc_column_text]ATBILDE: \u0101rvalst\u012b re\u0123istr\u0113tas apdro\u0161in\u0101\u0161anas sabiedr\u012bbas p\u0101rst\u0101vi, kas atbild\u012bgs par kait\u0113juma atl\u012bdzin\u0101\u0161anu, varat uzzin\u0101t vietn\u0113 www.ltab.lv.[\/vc_column_text][\/vc_column_inner][\/vc_row_inner][vc_row_inner el_id=&#8221;kokias-zalas&#8221;][vc_column_inner][vc_column_text css=&#8221;.vc_custom_1568750431184{margin-right: 10px !important;}&#8221;]ATBILDE: iClaim \u0101rvalstu apdro\u0161in\u0101t\u0101ju [&hellip;]<\/p>\n","protected":false},"author":1,"featured_media":0,"parent":0,"menu_order":0,"comment_status":"open","ping_status":"open","template":"page-templates\/template-canvas.php","meta":[],"yoast_head":"<!-- This site is optimized with the Yoast SEO plugin v20.8 - https:\/\/yoast.com\/wordpress\/plugins\/seo\/ -->\n<title>B.U.J. - iClaim<\/title>\n<meta name=\"robots\" content=\"index, follow, max-snippet:-1, max-image-preview:large, max-video-preview:-1\" \/>\n<link rel=\"canonical\" href=\"https:\/\/iclaim-group.com\/lv\/buj\/\" \/>\n<meta property=\"og:locale\" content=\"lv_LV\" \/>\n<meta property=\"og:type\" content=\"article\" \/>\n<meta property=\"og:title\" content=\"B.U.J. - iClaim\" \/>\n<meta property=\"og:description\" content=\"[vc_row extra_id=&#8221;bendri-klausimai&#8221; wrap_class=&#8221;no&#8221;][vc_column width=&#8221;1\/4&#8243; title=&#8221;&#8221; wap_class=&#8221;&#8221; wap_id=&#8221;&#8221; column_effect=&#8221;bottommove&#8221;][vc_column_text] Visp\u0101r\u012bgie jaut\u0101jumi Jaut\u0101jumi par iesniedzamajiem dokumentiem Jaut\u0101jumi par apdro\u0161in\u0101\u0161anas atl\u012bdz\u012bbu Re\u0123istr\u0113t zaud\u0113jumu [\/vc_column_text][\/vc_column][vc_column width=&#8221;3\/4&#8243; title=&#8221;&#8221; column_effect=&#8221;bottommove&#8221; css=&#8221;.vc_custom_1562089196822{margin-right: 10px !important;margin-left: 10px !important;padding-top: 20px !important;}&#8221;][vc_row_inner][vc_column_inner css=&#8221;.vc_custom_1562089356728{margin-right: 10px !important;}&#8221;][vc_column_text]ATBILDE: \u0101rvalst\u012b re\u0123istr\u0113tas apdro\u0161in\u0101\u0161anas sabiedr\u012bbas p\u0101rst\u0101vi, kas atbild\u012bgs par kait\u0113juma atl\u012bdzin\u0101\u0161anu, varat uzzin\u0101t vietn\u0113 www.ltab.lv.[\/vc_column_text][\/vc_column_inner][\/vc_row_inner][vc_row_inner el_id=&#8221;kokias-zalas&#8221;][vc_column_inner][vc_column_text css=&#8221;.vc_custom_1568750431184{margin-right: 10px !important;}&#8221;]ATBILDE: iClaim \u0101rvalstu apdro\u0161in\u0101t\u0101ju [&hellip;]\" \/>\n<meta property=\"og:url\" content=\"https:\/\/iclaim-group.com\/lv\/buj\/\" \/>\n<meta property=\"og:site_name\" content=\"iClaim\" \/>\n<meta property=\"article:modified_time\" content=\"2019-09-25T10:45:49+00:00\" \/>\n<meta name=\"twitter:card\" content=\"summary_large_image\" \/>\n<meta name=\"twitter:label1\" content=\"Est. reading time\" \/>\n\t<meta name=\"twitter:data1\" content=\"5 minutes\" \/>\n<script type=\"application\/ld+json\" class=\"yoast-schema-graph\">{\"@context\":\"https:\/\/schema.org\",\"@graph\":[{\"@type\":\"WebPage\",\"@id\":\"https:\/\/iclaim-group.com\/lv\/buj\/\",\"url\":\"https:\/\/iclaim-group.com\/lv\/buj\/\",\"name\":\"B.U.J. - iClaim\",\"isPartOf\":{\"@id\":\"https:\/\/iclaim-group.com\/#website\"},\"datePublished\":\"2015-07-01T09:09:24+00:00\",\"dateModified\":\"2019-09-25T10:45:49+00:00\",\"breadcrumb\":{\"@id\":\"https:\/\/iclaim-group.com\/lv\/buj\/#breadcrumb\"},\"inLanguage\":\"lv-LV\",\"potentialAction\":[{\"@type\":\"ReadAction\",\"target\":[\"https:\/\/iclaim-group.com\/lv\/buj\/\"]}]},{\"@type\":\"BreadcrumbList\",\"@id\":\"https:\/\/iclaim-group.com\/lv\/buj\/#breadcrumb\",\"itemListElement\":[{\"@type\":\"ListItem\",\"position\":1,\"name\":\"Home\",\"item\":\"https:\/\/iclaim-group.com\/lv\/\"},{\"@type\":\"ListItem\",\"position\":2,\"name\":\"B.U.J.\"}]},{\"@type\":\"WebSite\",\"@id\":\"https:\/\/iclaim-group.com\/#website\",\"url\":\"https:\/\/iclaim-group.com\/\",\"name\":\"iClaim\",\"description\":\"\",\"potentialAction\":[{\"@type\":\"SearchAction\",\"target\":{\"@type\":\"EntryPoint\",\"urlTemplate\":\"https:\/\/iclaim-group.com\/?s={search_term_string}\"},\"query-input\":\"required name=search_term_string\"}],\"inLanguage\":\"lv-LV\"}]}<\/script>\n<!-- \/ Yoast SEO plugin. -->","yoast_head_json":{"title":"B.U.J. - iClaim","robots":{"index":"index","follow":"follow","max-snippet":"max-snippet:-1","max-image-preview":"max-image-preview:large","max-video-preview":"max-video-preview:-1"},"canonical":"https:\/\/iclaim-group.com\/lv\/buj\/","og_locale":"lv_LV","og_type":"article","og_title":"B.U.J. - iClaim","og_description":"[vc_row extra_id=&#8221;bendri-klausimai&#8221; wrap_class=&#8221;no&#8221;][vc_column width=&#8221;1\/4&#8243; title=&#8221;&#8221; wap_class=&#8221;&#8221; wap_id=&#8221;&#8221; column_effect=&#8221;bottommove&#8221;][vc_column_text] Visp\u0101r\u012bgie jaut\u0101jumi Jaut\u0101jumi par iesniedzamajiem dokumentiem Jaut\u0101jumi par apdro\u0161in\u0101\u0161anas atl\u012bdz\u012bbu Re\u0123istr\u0113t zaud\u0113jumu [\/vc_column_text][\/vc_column][vc_column width=&#8221;3\/4&#8243; title=&#8221;&#8221; column_effect=&#8221;bottommove&#8221; css=&#8221;.vc_custom_1562089196822{margin-right: 10px !important;margin-left: 10px !important;padding-top: 20px !important;}&#8221;][vc_row_inner][vc_column_inner css=&#8221;.vc_custom_1562089356728{margin-right: 10px !important;}&#8221;][vc_column_text]ATBILDE: \u0101rvalst\u012b re\u0123istr\u0113tas apdro\u0161in\u0101\u0161anas sabiedr\u012bbas p\u0101rst\u0101vi, kas atbild\u012bgs par kait\u0113juma atl\u012bdzin\u0101\u0161anu, varat uzzin\u0101t vietn\u0113 www.ltab.lv.[\/vc_column_text][\/vc_column_inner][\/vc_row_inner][vc_row_inner el_id=&#8221;kokias-zalas&#8221;][vc_column_inner][vc_column_text css=&#8221;.vc_custom_1568750431184{margin-right: 10px !important;}&#8221;]ATBILDE: iClaim \u0101rvalstu apdro\u0161in\u0101t\u0101ju [&hellip;]","og_url":"https:\/\/iclaim-group.com\/lv\/buj\/","og_site_name":"iClaim","article_modified_time":"2019-09-25T10:45:49+00:00","twitter_card":"summary_large_image","twitter_misc":{"Est. reading time":"5 minutes"},"schema":{"@context":"https:\/\/schema.org","@graph":[{"@type":"WebPage","@id":"https:\/\/iclaim-group.com\/lv\/buj\/","url":"https:\/\/iclaim-group.com\/lv\/buj\/","name":"B.U.J. - iClaim","isPartOf":{"@id":"https:\/\/iclaim-group.com\/#website"},"datePublished":"2015-07-01T09:09:24+00:00","dateModified":"2019-09-25T10:45:49+00:00","breadcrumb":{"@id":"https:\/\/iclaim-group.com\/lv\/buj\/#breadcrumb"},"inLanguage":"lv-LV","potentialAction":[{"@type":"ReadAction","target":["https:\/\/iclaim-group.com\/lv\/buj\/"]}]},{"@type":"BreadcrumbList","@id":"https:\/\/iclaim-group.com\/lv\/buj\/#breadcrumb","itemListElement":[{"@type":"ListItem","position":1,"name":"Home","item":"https:\/\/iclaim-group.com\/lv\/"},{"@type":"ListItem","position":2,"name":"B.U.J."}]},{"@type":"WebSite","@id":"https:\/\/iclaim-group.com\/#website","url":"https:\/\/iclaim-group.com\/","name":"iClaim","description":"","potentialAction":[{"@type":"SearchAction","target":{"@type":"EntryPoint","urlTemplate":"https:\/\/iclaim-group.com\/?s={search_term_string}"},"query-input":"required name=search_term_string"}],"inLanguage":"lv-LV"}]}},"_links":{"self":[{"href":"https:\/\/iclaim-group.com\/lv\/wp-json\/wp\/v2\/pages\/2710"}],"collection":[{"href":"https:\/\/iclaim-group.com\/lv\/wp-json\/wp\/v2\/pages"}],"about":[{"href":"https:\/\/iclaim-group.com\/lv\/wp-json\/wp\/v2\/types\/page"}],"author":[{"embeddable":true,"href":"https:\/\/iclaim-group.com\/lv\/wp-json\/wp\/v2\/users\/1"}],"replies":[{"embeddable":true,"href":"https:\/\/iclaim-group.com\/lv\/wp-json\/wp\/v2\/comments?post=2710"}],"version-history":[{"count":23,"href":"https:\/\/iclaim-group.com\/lv\/wp-json\/wp\/v2\/pages\/2710\/revisions"}],"predecessor-version":[{"id":3200,"href":"https:\/\/iclaim-group.com\/lv\/wp-json\/wp\/v2\/pages\/2710\/revisions\/3200"}],"wp:attachment":[{"href":"https:\/\/iclaim-group.com\/lv\/wp-json\/wp\/v2\/media?parent=2710"}],"curies":[{"name":"wp","href":"https:\/\/api.w.org\/{rel}","templated":true}]}}