{"id":2713,"date":"2015-06-18T10:11:06","date_gmt":"2015-06-18T10:11:06","guid":{"rendered":"https:\/\/iclaim.w-i.lt\/kontaktai\/"},"modified":"2021-01-19T11:19:52","modified_gmt":"2021-01-19T08:19:52","slug":"kontaktinformacija","status":"publish","type":"page","link":"https:\/\/iclaim-group.com\/lv\/kontaktinformacija\/","title":{"rendered":"Kontaktinform\u0101cija"},"content":{"rendered":"<p>[vc_row][vc_column]<h2 class=\"\" style=\"text-align: center;\">Uzrakstiet mums<\/h2>[vc_column_text]<\/p>\n<p style=\"text-align: center;\">Uzman\u012bbu! \u0160\u012b forma nav paredz\u0113ta kait\u0113jumu re\u0123istr\u0113\u0161anai.<br \/>\n<a href=\"\/pazinojums-par-celu-satiksmes-nagadijumu\/\">Re\u0123istr\u0113t kait\u0113jumu var \u0161eit<\/a>.<\/p>\n<p>[\/vc_column_text]\n<div class=\"wpcf7 no-js\" id=\"wpcf7-f2744-o1\" lang=\"en-US\" dir=\"ltr\">\n<div class=\"screen-reader-response\"><p role=\"status\" aria-live=\"polite\" aria-atomic=\"true\"><\/p> <ul><\/ul><\/div>\n<form action=\"\/lv\/wp-json\/wp\/v2\/pages\/2713#wpcf7-f2744-o1\" method=\"post\" class=\"wpcf7-form init\" aria-label=\"Contact form\" novalidate=\"novalidate\" data-status=\"init\">\n<div style=\"display: none;\">\n<input type=\"hidden\" name=\"_wpcf7\" value=\"2744\" \/>\n<input type=\"hidden\" name=\"_wpcf7_version\" value=\"5.7.6\" \/>\n<input type=\"hidden\" name=\"_wpcf7_locale\" value=\"en_US\" \/>\n<input type=\"hidden\" name=\"_wpcf7_unit_tag\" value=\"wpcf7-f2744-o1\" \/>\n<input type=\"hidden\" name=\"_wpcf7_container_post\" value=\"0\" \/>\n<input type=\"hidden\" name=\"_wpcf7_posted_data_hash\" value=\"\" \/>\n<input type=\"hidden\" name=\"_wpcf7_recaptcha_response\" value=\"\" \/>\n<\/div>\n<div class=\"col-md-offset-1 col-md-10 contact-form\">\n\t<div class=\"col-md-6\">\n\t\t<p><span class=\"wpcf7-form-control-wrap\" data-name=\"firstname\"><input size=\"40\" class=\"wpcf7-form-control wpcf7-text wpcf7-validates-as-required form-control\" aria-required=\"true\" aria-invalid=\"false\" placeholder=\"V\u0101rds\" value=\"\" type=\"text\" name=\"firstname\" \/><\/span>\n\t\t<\/p>\n\t<\/div>\n\t<div class=\"col-md-6\">\n\t\t<p><span class=\"wpcf7-form-control-wrap\" data-name=\"lastname\"><input size=\"40\" class=\"wpcf7-form-control wpcf7-text wpcf7-validates-as-required form-control\" aria-required=\"true\" aria-invalid=\"false\" placeholder=\"Uzv\u0101rds\" value=\"\" type=\"text\" name=\"lastname\" \/><\/span>\n\t\t<\/p>\n\t<\/div>\n\t<div class=\"col-md-6\">\n\t\t<p><span class=\"wpcf7-form-control-wrap\" data-name=\"email\"><input size=\"40\" class=\"wpcf7-form-control wpcf7-text wpcf7-validates-as-required form-control\" aria-required=\"true\" aria-invalid=\"false\" placeholder=\"E-pasts\" value=\"\" type=\"text\" name=\"email\" \/><\/span>\n\t\t<\/p>\n\t<\/div>\n\t<div class=\"col-md-6\">\n\t\t<p><span class=\"wpcf7-form-control-wrap\" data-name=\"phone\"><input size=\"40\" class=\"wpcf7-form-control wpcf7-text wpcf7-validates-as-required form-control\" aria-required=\"true\" aria-invalid=\"false\" placeholder=\"T\u0101lru\u0146a numurs\" value=\"\" type=\"text\" name=\"phone\" \/><\/span>\n\t\t<\/p>\n\t<\/div>\n\t<div class=\"col-md-6\">\n\t\t<p><span class=\"wpcf7-form-control-wrap\" data-name=\"city\"><input size=\"40\" class=\"wpcf7-form-control wpcf7-text wpcf7-validates-as-required form-control\" aria-required=\"true\" aria-invalid=\"false\" placeholder=\"Pils\u0113ta\" value=\"\" type=\"text\" name=\"city\" \/><\/span>\n\t\t<\/p>\n\t<\/div>\n\t<div class=\"col-md-6 drop\">\n\t\t<p><span class=\"wpcf7-form-control-wrap\" data-name=\"state\"><select class=\"wpcf7-form-control wpcf7-select form-control\" aria-invalid=\"false\" name=\"state\"><option value=\"Lietuva\">Lietuva<\/option><option value=\"Latvija\">Latvija<\/option><option value=\"Igaunija\">Igaunija<\/option><option value=\"Cits\">Cits<\/option><\/select><\/span>\n\t\t<\/p>\n\t<\/div>\n\t<div class=\"col-md-6 drop\">\n\t\t<p><span class=\"wpcf7-form-control-wrap\" data-name=\"topic\"><select class=\"wpcf7-form-control wpcf7-select form-control\" aria-invalid=\"false\" name=\"topic\"><option value=\"Visp\u0101r\u012bgs jaut\u0101jums\">Visp\u0101r\u012bgs jaut\u0101jums<\/option><option value=\"Par kait\u0113jumu\">Par kait\u0113jumu<\/option><option value=\"Par citiem pakalpojumiem\">Par citiem pakalpojumiem<\/option><\/select><\/span>\n\t\t<\/p>\n\t<\/div>\n\t<div class=\"col-md-6\">\n\t\t<p><span class=\"wpcf7-form-control-wrap\" data-name=\"policy\"><input size=\"40\" class=\"wpcf7-form-control wpcf7-text form-control\" aria-invalid=\"false\" placeholder=\"Kait\u0113juma Nr. (ja zin\u0101ms)\" value=\"\" type=\"text\" name=\"policy\" \/><\/span>\n\t\t<\/p>\n\t<\/div>\n\t<div class=\"col-md-12\">\n\t\t<p><span class=\"wpcf7-form-control-wrap\" data-name=\"message\"><textarea cols=\"40\" rows=\"10\" class=\"wpcf7-form-control wpcf7-textarea wpcf7-validates-as-required form-control\" id=\"message\" aria-required=\"true\" aria-invalid=\"false\" placeholder=\"Pazi\u0146ojums\" name=\"message\"><\/textarea><\/span>\n\t\t<\/p>\n\t<\/div>\n\t<div class=\"col-md-12\">\n\t\t<p><input class=\"wpcf7-form-control has-spinner wpcf7-submit btn tp-btn tp-btn-orange\" id=\"submit\" type=\"submit\" value=\"S\u016bt\u012bt\" \/>\n\t\t<\/p>\n\t<\/div>\n\t<div class=\"clearfix\">\n\t<\/div>\n<\/div>\n<div class=\"clearfix\">\n<\/div><div class=\"wpcf7-response-output\" aria-hidden=\"true\"><\/div>\n<\/form>\n<\/div>\n[\/vc_column][\/vc_row][vc_row][vc_column id=&#8221;&#8220;support-section&#8220;&#8221; column_effect=&#8221;bottommove&#8221;][vc_empty_space height=&#8221;60px&#8221;][\/vc_column][\/vc_row][vc_row wrap_class=&#8221;no&#8221; el_class=&#8221;support-section&#8221;][vc_column width=&#8221;1\/2&#8243; column_effect=&#8221;bottommove&#8221; el_class=&#8221;support-box&#8221;]\n\t\t\n\t\t<div class=\"grey-box\">\n\n\t\t<i class=\"fa fa-map-marker\"><\/i>\n\t\t<h3>UAB iClaim p\u0101rst\u0101vniec\u012bba Latvij\u0101<\/h3>\n\t\t\n\t\t<p><span class=\"tlid-translation translation\" lang=\"lv\"><span class=\"\" title=\"\">Uz\u0146\u0113muma kods<\/span><\/span> 300653417<br \/>\n<span class=\"tlid-translation translation\" lang=\"lv\"><span class=\"\" title=\"\">PVN ID<\/span><\/span> LT100002954717<br \/>\n<span class=\"tlid-translation translation\" lang=\"lv\"><span class=\"\" title=\"\">Adrese<\/span><\/span>: Aud\u0113ju iela 15 &#8211; 4, Riga, LV-1050, Latvija<\/p>\n\t\t\n\t\t<\/div>\n\t\n\t\n\t[\/vc_column][vc_column width=&#8221;1\/2&#8243; column_effect=&#8221;bottommove&#8221; el_class=&#8221;support-box&#8221;]\n\t\t\n\t\t<div class=\"grey-box\">\n\n\t\t<i class=\"fa fa-clock-o\"><\/i>\n\t\t<h3>Darba laiks<\/h3>\n\t\t\n\t\t<p>Darbdien\u0101s: 9.00 &#8211; 18.00<br \/>\nBr\u012bvdien\u0101s un sv\u0113tku dien\u0101s: sl\u0113gti.<\/p>\n\t\t\n\t\t<\/div>\n\t\n\t\n\t[\/vc_column][\/vc_row][vc_row wrap_class=&#8221;no&#8221; el_class=&#8221;support-section&#8221;][vc_column column_effect=&#8221;bottommove&#8221; el_class=&#8221;support-box&#8221;]\n\t\t\n\t\t<div class=\"grey-box\">\n\n\t\t\n\t\t\n\t\t\n\t\t<p><\/p>\n<h1><span style=\"color: #1757b8;\"><a href=\"tel:+37160001571 \">+37160001571<\/a> \/ <a href=\"mailto:info.lv@iclaim-group.com\">info.lv@iclaim-group.com <\/a><\/span><\/h1>\n<p><\/p>\n\t\t<a href=\"\/lv\/pazinojums-par-celu-satiksmes-nagadijumu\/\" class=\"btn tp-btn tp-btn-orange\">Re\u0123istr\u0113t zaud\u0113jumu<\/a>\n\t\t<\/div>\n\t\n\t\n\t[\/vc_column][\/vc_row]<\/p>\n","protected":false},"excerpt":{"rendered":"<p>[vc_row][vc_column][vc_column_text] Uzman\u012bbu! \u0160\u012b forma nav paredz\u0113ta kait\u0113jumu re\u0123istr\u0113\u0161anai. Re\u0123istr\u0113t kait\u0113jumu var \u0161eit. [\/vc_column_text][\/vc_column][\/vc_row][vc_row][vc_column id=&#8221;&#8220;support-section&#8220;&#8221; column_effect=&#8221;bottommove&#8221;][vc_empty_space height=&#8221;60px&#8221;][\/vc_column][\/vc_row][vc_row wrap_class=&#8221;no&#8221; el_class=&#8221;support-section&#8221;][vc_column width=&#8221;1\/2&#8243; column_effect=&#8221;bottommove&#8221; el_class=&#8221;support-box&#8221;][\/vc_column][vc_column width=&#8221;1\/2&#8243; column_effect=&#8221;bottommove&#8221; el_class=&#8221;support-box&#8221;][\/vc_column][\/vc_row][vc_row wrap_class=&#8221;no&#8221; el_class=&#8221;support-section&#8221;][vc_column column_effect=&#8221;bottommove&#8221; el_class=&#8221;support-box&#8221;][\/vc_column][\/vc_row]<\/p>\n","protected":false},"author":1,"featured_media":0,"parent":0,"menu_order":0,"comment_status":"open","ping_status":"closed","template":"page-templates\/template-canvas.php","meta":[],"yoast_head":"<!-- This site is optimized with the Yoast SEO plugin v20.8 - https:\/\/yoast.com\/wordpress\/plugins\/seo\/ -->\n<title>Kontaktinform\u0101cija - iClaim<\/title>\n<meta name=\"robots\" content=\"index, follow, max-snippet:-1, max-image-preview:large, max-video-preview:-1\" \/>\n<link rel=\"canonical\" href=\"https:\/\/iclaim-group.com\/lv\/kontaktinformacija\/\" \/>\n<meta property=\"og:locale\" content=\"lv_LV\" \/>\n<meta property=\"og:type\" content=\"article\" \/>\n<meta property=\"og:title\" content=\"Kontaktinform\u0101cija - iClaim\" \/>\n<meta property=\"og:description\" content=\"[vc_row][vc_column][vc_column_text] Uzman\u012bbu! \u0160\u012b forma nav paredz\u0113ta kait\u0113jumu re\u0123istr\u0113\u0161anai. Re\u0123istr\u0113t kait\u0113jumu var \u0161eit. [\/vc_column_text][\/vc_column][\/vc_row][vc_row][vc_column id=&#8221;&#8220;support-section&#8220;&#8221; column_effect=&#8221;bottommove&#8221;][vc_empty_space height=&#8221;60px&#8221;][\/vc_column][\/vc_row][vc_row wrap_class=&#8221;no&#8221; el_class=&#8221;support-section&#8221;][vc_column width=&#8221;1\/2&#8243; column_effect=&#8221;bottommove&#8221; el_class=&#8221;support-box&#8221;][\/vc_column][vc_column width=&#8221;1\/2&#8243; column_effect=&#8221;bottommove&#8221; el_class=&#8221;support-box&#8221;][\/vc_column][\/vc_row][vc_row wrap_class=&#8221;no&#8221; el_class=&#8221;support-section&#8221;][vc_column column_effect=&#8221;bottommove&#8221; el_class=&#8221;support-box&#8221;][\/vc_column][\/vc_row]\" \/>\n<meta property=\"og:url\" content=\"https:\/\/iclaim-group.com\/lv\/kontaktinformacija\/\" \/>\n<meta property=\"og:site_name\" content=\"iClaim\" \/>\n<meta property=\"article:modified_time\" content=\"2021-01-19T08:19:52+00:00\" \/>\n<meta name=\"twitter:card\" content=\"summary_large_image\" \/>\n<meta name=\"twitter:label1\" content=\"Est. reading time\" \/>\n\t<meta name=\"twitter:data1\" content=\"1 minute\" \/>\n<script type=\"application\/ld+json\" class=\"yoast-schema-graph\">{\"@context\":\"https:\/\/schema.org\",\"@graph\":[{\"@type\":\"WebPage\",\"@id\":\"https:\/\/iclaim-group.com\/lv\/kontaktinformacija\/\",\"url\":\"https:\/\/iclaim-group.com\/lv\/kontaktinformacija\/\",\"name\":\"Kontaktinform\u0101cija - iClaim\",\"isPartOf\":{\"@id\":\"https:\/\/iclaim-group.com\/#website\"},\"datePublished\":\"2015-06-18T10:11:06+00:00\",\"dateModified\":\"2021-01-19T08:19:52+00:00\",\"breadcrumb\":{\"@id\":\"https:\/\/iclaim-group.com\/lv\/kontaktinformacija\/#breadcrumb\"},\"inLanguage\":\"lv-LV\",\"potentialAction\":[{\"@type\":\"ReadAction\",\"target\":[\"https:\/\/iclaim-group.com\/lv\/kontaktinformacija\/\"]}]},{\"@type\":\"BreadcrumbList\",\"@id\":\"https:\/\/iclaim-group.com\/lv\/kontaktinformacija\/#breadcrumb\",\"itemListElement\":[{\"@type\":\"ListItem\",\"position\":1,\"name\":\"Home\",\"item\":\"https:\/\/iclaim-group.com\/lv\/\"},{\"@type\":\"ListItem\",\"position\":2,\"name\":\"Kontaktinform\u0101cija\"}]},{\"@type\":\"WebSite\",\"@id\":\"https:\/\/iclaim-group.com\/#website\",\"url\":\"https:\/\/iclaim-group.com\/\",\"name\":\"iClaim\",\"description\":\"\",\"potentialAction\":[{\"@type\":\"SearchAction\",\"target\":{\"@type\":\"EntryPoint\",\"urlTemplate\":\"https:\/\/iclaim-group.com\/?s={search_term_string}\"},\"query-input\":\"required name=search_term_string\"}],\"inLanguage\":\"lv-LV\"}]}<\/script>\n<!-- \/ Yoast SEO plugin. -->","yoast_head_json":{"title":"Kontaktinform\u0101cija - iClaim","robots":{"index":"index","follow":"follow","max-snippet":"max-snippet:-1","max-image-preview":"max-image-preview:large","max-video-preview":"max-video-preview:-1"},"canonical":"https:\/\/iclaim-group.com\/lv\/kontaktinformacija\/","og_locale":"lv_LV","og_type":"article","og_title":"Kontaktinform\u0101cija - iClaim","og_description":"[vc_row][vc_column][vc_column_text] Uzman\u012bbu! \u0160\u012b forma nav paredz\u0113ta kait\u0113jumu re\u0123istr\u0113\u0161anai. Re\u0123istr\u0113t kait\u0113jumu var \u0161eit. [\/vc_column_text][\/vc_column][\/vc_row][vc_row][vc_column id=&#8221;&#8220;support-section&#8220;&#8221; column_effect=&#8221;bottommove&#8221;][vc_empty_space height=&#8221;60px&#8221;][\/vc_column][\/vc_row][vc_row wrap_class=&#8221;no&#8221; el_class=&#8221;support-section&#8221;][vc_column width=&#8221;1\/2&#8243; column_effect=&#8221;bottommove&#8221; el_class=&#8221;support-box&#8221;][\/vc_column][vc_column width=&#8221;1\/2&#8243; column_effect=&#8221;bottommove&#8221; el_class=&#8221;support-box&#8221;][\/vc_column][\/vc_row][vc_row wrap_class=&#8221;no&#8221; el_class=&#8221;support-section&#8221;][vc_column column_effect=&#8221;bottommove&#8221; el_class=&#8221;support-box&#8221;][\/vc_column][\/vc_row]","og_url":"https:\/\/iclaim-group.com\/lv\/kontaktinformacija\/","og_site_name":"iClaim","article_modified_time":"2021-01-19T08:19:52+00:00","twitter_card":"summary_large_image","twitter_misc":{"Est. reading time":"1 minute"},"schema":{"@context":"https:\/\/schema.org","@graph":[{"@type":"WebPage","@id":"https:\/\/iclaim-group.com\/lv\/kontaktinformacija\/","url":"https:\/\/iclaim-group.com\/lv\/kontaktinformacija\/","name":"Kontaktinform\u0101cija - iClaim","isPartOf":{"@id":"https:\/\/iclaim-group.com\/#website"},"datePublished":"2015-06-18T10:11:06+00:00","dateModified":"2021-01-19T08:19:52+00:00","breadcrumb":{"@id":"https:\/\/iclaim-group.com\/lv\/kontaktinformacija\/#breadcrumb"},"inLanguage":"lv-LV","potentialAction":[{"@type":"ReadAction","target":["https:\/\/iclaim-group.com\/lv\/kontaktinformacija\/"]}]},{"@type":"BreadcrumbList","@id":"https:\/\/iclaim-group.com\/lv\/kontaktinformacija\/#breadcrumb","itemListElement":[{"@type":"ListItem","position":1,"name":"Home","item":"https:\/\/iclaim-group.com\/lv\/"},{"@type":"ListItem","position":2,"name":"Kontaktinform\u0101cija"}]},{"@type":"WebSite","@id":"https:\/\/iclaim-group.com\/#website","url":"https:\/\/iclaim-group.com\/","name":"iClaim","description":"","potentialAction":[{"@type":"SearchAction","target":{"@type":"EntryPoint","urlTemplate":"https:\/\/iclaim-group.com\/?s={search_term_string}"},"query-input":"required name=search_term_string"}],"inLanguage":"lv-LV"}]}},"_links":{"self":[{"href":"https:\/\/iclaim-group.com\/lv\/wp-json\/wp\/v2\/pages\/2713"}],"collection":[{"href":"https:\/\/iclaim-group.com\/lv\/wp-json\/wp\/v2\/pages"}],"about":[{"href":"https:\/\/iclaim-group.com\/lv\/wp-json\/wp\/v2\/types\/page"}],"author":[{"embeddable":true,"href":"https:\/\/iclaim-group.com\/lv\/wp-json\/wp\/v2\/users\/1"}],"replies":[{"embeddable":true,"href":"https:\/\/iclaim-group.com\/lv\/wp-json\/wp\/v2\/comments?post=2713"}],"version-history":[{"count":18,"href":"https:\/\/iclaim-group.com\/lv\/wp-json\/wp\/v2\/pages\/2713\/revisions"}],"predecessor-version":[{"id":3232,"href":"https:\/\/iclaim-group.com\/lv\/wp-json\/wp\/v2\/pages\/2713\/revisions\/3232"}],"wp:attachment":[{"href":"https:\/\/iclaim-group.com\/lv\/wp-json\/wp\/v2\/media?parent=2713"}],"curies":[{"name":"wp","href":"https:\/\/api.w.org\/{rel}","templated":true}]}}